{"id":136,"date":"2005-12-05T15:31:36","date_gmt":"2005-12-05T14:31:36","guid":{"rendered":"http:\/\/www.diaolin.com\/wordpress\/?page_id=136"},"modified":"2011-06-10T07:17:53","modified_gmt":"2011-06-10T06:17:53","slug":"e","status":"publish","type":"page","link":"https:\/\/www.diaolin.com\/wordpress\/?page_id=136","title":{"rendered":"E"},"content":{"rendered":"<h2 class=\"sub-title-primary\"><\/h2> <p>e = inter. &#8211; eh.<\/p>\n<p>ec\u2019 barea = t. infant. &#8211; cosa sporca o disgustosa.<\/p>\n<p>Eccher = cognome.<\/p>\n<p>ece omo = loc. &#8211; ecce homo, detto di persona o di cosa mal ridotta.<\/p>\n<p>eco = avv. e inter. &#8211; ecco.<\/p>\n<p>educ\u00e0 = agg. &#8211; educato.<\/p>\n<p>efet = s.m. &#8211; effetto.<\/p>\n<p>Egito = Egitto, nella loc. d\u2019Egito con cui si respingono le affermazioni altrui.<\/p>\n<p>egnagrafe = s.f. &#8211; anagrafe.<\/p>\n<p>ei = inter. &#8211; ehi; cfr. anche ela.<\/p>\n<p>ei = pron. &#8211; essi.<\/p>\n<p>el = pron. &#8211; egli; art. &#8211; il; end\u2019el? dov\u2019e?.<\/p>\n<p>el? = \u00e8 egli, \u00e8 ella, \u00e8 esso?.<\/p>\n<p>ela = inter. &#8211; ehi; cfr. anche ei.<\/p>\n<p>element = s.m. &#8211; elemento; individuo.<\/p>\n<p>elia = s.m. &#8211; gatto.<\/p>\n<p>elina = s.f. &#8211; edera (Hedera helix).<\/p>\n<p>Elmo = n.pr. &#8211; Guglielmo.<\/p>\n<p>elo = pron. &#8211; egli, lui, lei.<\/p>\n<p>elo? = \u00e8 egli, \u00e8 lei, sono essi?.<\/p>\n<p>embaizar = vr. &#8211; bardare; cfr. anche embalzar.<\/p>\n<p>embal\u00e0 = agg. &#8211; ubriaco.<\/p>\n<p>embalsam\u00e0 = agg. &#8211; imbalsamato; assonnato, intorpidito.<\/p>\n<p>embalzar = vr. &#8211; bardare; p.p. embalz\u00e0 bardato, vestito in modo molto pesante; cfr. anche embaizar.<\/p>\n<p>embambol\u00e0 = agg. &#8211; imbabolato, incantato, trasognato.<\/p>\n<p>embandiSion = s.f. &#8211; imbandigione.<\/p>\n<p>embarbetegarse = vr. &#8211; impappinarsi; impaperarsi; cfr. anche ernbesolarse.<\/p>\n<p>embarlumar = vr. &#8211; abbagliare.<\/p>\n<p>embastir = vr. &#8211; imbastire; abbozzare.<\/p>\n<p>embeletar = vr. &#8211; imbellettare.<\/p>\n<p>embesolar = vr. &#8211; balbettare; p.p. embesol\u00e0; embesolarse impaperarsi; cfr. anche embarbetegarse. embesp\u00e0 = agg. &#8211; stizzito; punto dalle vespe.<\/p>\n<p>embesti\u00e0 = agg. &#8211; imbestialito, adirato.<\/p>\n<p>embeSu\u00ec = agg. &#8211; melenso, ottuso, tardo.<\/p>\n<p>embiancar = vr. &#8211; imbiancare, tinteggiare di bianco; dare il bianco di calce.<\/p>\n<p>embibiar = vr. &#8211; tediare con chiacchiere o fandonie.<\/p>\n<p>embocir = vr. &#8211; imboccare.<\/p>\n<p>embols\u00ec = agg. &#8211; imbolsito; asmatico; fiacco; flaccido; ottuso, detto di ferro o di lama da taglio. embomb\u00ec = agg. &#8211; imbibito, imbevuto, impregnato.<\/p>\n<p>emboronar = vr. &#8211; rimpinzare; mettere il tappo alla mina.<\/p>\n<p>emboSemar = vr. &#8211; imbozzimare, ammorbidire i fili con la bozzina, impasto di crusca di segala e acqua tiepida.<\/p>\n<p>embot\u00ec = agg. &#8211; imbottito; detto di chi e molto vestito.<\/p>\n<p>embotida = s.f. &#8211; imbottita, trapunta.<\/p>\n<p>embotinar = vr. &#8211; travasare in botti piu piccole, imbottare.<\/p>\n<p>embotir = vr. &#8211; imbottire.<\/p>\n<p>embotonada = s.f. &#8211; abbottonata; inganno.<\/p>\n<p>embotonar = vr. &#8211; abbottonare; ingannare.<\/p>\n<p>embran\u00e0 = agg. &#8211; impacciato, goffo; intorpidito.<\/p>\n<p>embrentar = vr. &#8211; mettere i panni a bagno nel mastello, nella conca del bucato; per estensione caricare lo stomaco, abbuffarsi.<\/p>\n<p>embriac = agg. &#8211; ubriaco.<\/p>\n<p>embriag\u00f2n = s. e agg. &#8211; ubriacone.<\/p>\n<p>embriferi = agg. pl. &#8211; imbriferi.<\/p>\n<p>embrocar = vr. &#8211; imbroccare; mettere le brocche o i chiodi; indovinare, azzeccare.<\/p>\n<p>embroiar = vr. &#8211; imbrogliare ingannare; p.p. embroi\u00e0  imbrogliato; intricato; complicato; confuso. embroion = s.m. &#8211; imbroglione.<\/p>\n<p>embrunir = vr. &#8211; imbrunire.<\/p>\n<p>embugnar = vr. &#8211; ammaccare.<\/p>\n<p>embusar = vr. &#8211; imbucare; rimpiattare, rintanare, nascondere; perdere.<\/p>\n<p>embutar = vr. &#8211; imputare; rinfacciare con noiosa insistenza il favore concesso; cfr. anche refaciar. embutazion = s.f. &#8211; rinfaccio.<\/p>\n<p>embuz\u00e0 = agg. &#8211; rimpinzato; intasato, ingombro.<\/p>\n<p>eminente = agg. &#8211; imminente; per estensione prossima al parto.<\/p>\n<p>empacar = vr. &#8211; impaccare.<\/p>\n<p>empaci\u00e0 = agg. &#8211; impacciato.<\/p>\n<p>empaciarse = vr. &#8211; impacciarsi, immischiarsi, intromettersi; p.p. e agg. empaci\u00e0  impacciato, immischiato; confuso.<\/p>\n<p>empaciarsen = vr. &#8211; impicciarsi.<\/p>\n<p>empaciocar = vr. &#8211; infangare, impiastrare, insudiciare.<\/p>\n<p>empaiar = vr. &#8211; impagliare.<\/p>\n<p>empaisar = vr. &#8211; allettare, mettere l\u2019esca.<\/p>\n<p>empait\u00e0 = agg. &#8211; ingozzato.<\/p>\n<p>empapin\u00e0 = agg. &#8211; impappinato.<\/p>\n<p>emparar = vr. &#8211; imparare.<\/p>\n<p>emparmalos = agg. &#8211; permaloso.<\/p>\n<p>empasion\u00e0 = agg. &#8211; afflitto, rattristato, addolorato.<\/p>\n<p>empasir = vr. &#8211; appassire.<\/p>\n<p>empastament = s.m. &#8211; impasto di vario genere; empastamenta s.f. &#8211; impasto per dolce casalingo. empastrociar = vr. &#8211; impiastricciare, imbrattare; pasticciare.<\/p>\n<p>empatar = vr. &#8211; impattare; empatada s.f. patta, pareggio.<\/p>\n<p>empatinar = vr. &#8211; mettere la patina; lucidare le scarpe.<\/p>\n<p>empedir = vr. &#8211; impedire; p.p. emped\u00ec.<\/p>\n<p>empegnar = vr. &#8211; impegnare; impigliare; appendere; empegnar el capel appendere il cappello. empegolar = vr. &#8211; impegolare, dare la pece; appiccicare; empegolarse impegolarsi; impelagarsi; contrarre una malattia venerea.<\/p>\n<p>empensar = vr. &#8211; pensare; immaginare, supporre; escogitare; el se a empens\u00e0 ha escogitato o ha supposto; cfr. anche pensar.<\/p>\n<p>empest\u00e0 = s.m. &#8211; appestato; affetto da malattia venerea.<\/p>\n<p>empetolarse = vr. &#8211; impelagarsi; impigliarsi.<\/p>\n<p>empever\u00e0 = agg. &#8211; pepato.<\/p>\n<p>empiag\u00e0 = agg. &#8211; piagato.<\/p>\n<p>empiant = s.m. &#8211; impianto; piantagione.<\/p>\n<p>empiantar = vr. &#8211; impiantare; piantare; lasciare, abbandonare; fondare, avviare un\u2019azienda, una costruzione.<\/p>\n<p>empiar = vr. &#8211; accendere; cfr. anche pizar.<\/p>\n<p>empiaz\u00e0= agg. &#8211; piazzato, sistemato, collocato.<\/p>\n<p>empicar = vr. &#8211; impiccare; appendere; cfr. picar e tacar su.<\/p>\n<p>empienir = vr. &#8211; riempire; p.p. empien\u00f9.<\/p>\n<p>empiSolarse = vr. &#8211; appisolarsi.<\/p>\n<p>empiturar = vr. &#8211; pitturare, dipingere, colorire.<\/p>\n<p>empizar = vr. &#8211; accendere; cfr. anche empiar; empizabeghe s.m. &#8211; attaccabrighe; empizamine s.m. &#8211; fochino addetto allo sparo delle mine; cfr. anche foghin.<\/p>\n<p>emp\u00f2 = avv. e cong. tuttavia.<\/p>\n<p>empolverar = vr. &#8211; impolverare.<\/p>\n<p>empontar = vr. &#8211; impuntare; puntellare; empontarse impuntarsi, ostinarsi.<\/p>\n<p>empontiliarse = vr. &#8211; impuntigliarsi, ostinarsi.<\/p>\n<p>emportar = vr. &#8211; importare, avere interesse, interessare, premere; ammontare.<\/p>\n<p>emposibol = agg. &#8211; impossibile.<\/p>\n<p>empostar = vr. &#8211; impostare; imbucare.<\/p>\n<p>emprenderse = vr. &#8211; rapprendersi; coagularsi.<\/p>\n<p>empreSa = s.f. &#8211; impresa.<\/p>\n<p>emprest = s.m. &#8211; prestito.<\/p>\n<p>emprestar = vr. &#8211; imprestare.<\/p>\n<p>emprevaler = vr. &#8211; prevalere; i se \u2019mpreval se ne prevalgono.<\/p>\n<p>emprimar = vr. &#8211; incignare, iniziare 1\u2019uso di qualche cosa; cfr. anche sverginar; emprimest p.p. incignato; impresso; imposto.<\/p>\n<p>emprometer = vr. &#8211; promettere.<\/p>\n<p>emprovanar = vr. &#8211; propagginare, riprodurre piante per propaggine.<\/p>\n<p>empugnar = vr. &#8211; impugnare; lavorare un impasto con i pugni, ad esempio, schiacciare con i pugni 1\u2019impasto per preparare le salsicce.<\/p>\n<p>en = agg. &#8211; uno.<\/p>\n<p>en = prep. &#8211; in, dentro, nel, nella, negli, nelle.<\/p>\n<p>enamor\u00e0 = agg. &#8211; innamorato; ammirato.<\/p>\n<p>enanzi = avv. &#8211; innanzi, avanti, davanti; prima; da chi \u2019nanzi d\u2019ora in avanti, da qui in avanti; enanzi col bagherle tirare avanti, procedere; campare; enanzi col car tirare avanti.<\/p>\n<p>encadenar = vr. &#8211; incatenare.<\/p>\n<p>encagn\u00e0 = agg. &#8211; incagliato; incastrato; inguaiato; bloccato.<\/p>\n<p>encagnarse = vr. &#8211; incagnirsi, stizzirsi; incaponirsi; cfr. anche enfigarse.<\/p>\n<p>encagn\u00ec = agg. &#8211; accanito; indurito; incagliato.<\/p>\n<p>encalmar = vr. &#8211; innestare.<\/p>\n<p>encantar = vr. &#8211; incantare; affascinare; p.p. encant\u00e0 incantato; imbambolato; trasognato; fermo; el se \u00e8 encant\u00e0 si e fermato, bloccato.<\/p>\n<p>encanteSem\u00e0 = agg. &#8211; incantato, estatico.<\/p>\n<p>encapon\u00ec = agg. &#8211; incaponito.<\/p>\n<p>encartar = vr. &#8211; incartare.<\/p>\n<p>encartiar = vr. &#8211; intricare, arruffare; p.p. encarti\u00e0 intricato, ingarbugliato; confuso.<\/p>\n<p>encastrar = vr. &#8211; incastrare; castrare; incuneare; bloccare.<\/p>\n<p>encatram\u00e0 = agg. &#8211; incatramato; asfaltato.<\/p>\n<p>encazar = vr. &#8211; arrabbiare; encazarse adirarsi; incaponirsi, ostinarsi.<\/p>\n<p>encianc = agg. &#8211; mancino; sinistro; cfr. anche cianc.<\/p>\n<p>enciavar = vr. &#8211; inchiavare, chiudere a chiave.<\/p>\n<p>encioch\u00ec = agg. &#8211; intorpidito; intontito; sopito.<\/p>\n<p>enciodar = vr. &#8211; inchiodare.<\/p>\n<p>encipriar = vr. \u2013 incipriare.<\/p>\n<p>encirca = avv. &#8211; all\u2019incirca, pressappoco.<\/p>\n<p>encognar = vr. &#8211; incuneare, inserire il cuneo; fissare saldamente qualche cosa.<\/p>\n<p>encoi = avv. &#8211; oggi; cfr. anche ancoi; encoi an d\u00ec al giorno d\u2019oggi.<\/p>\n<p>encoionar = vr. &#8211; burlare, canzonare; imbrogliare.<\/p>\n<p>encolar = vr. &#8211; incollare.<\/p>\n<p>encolorir = vr. &#8211; colorire, pitturare.<\/p>\n<p>encontra = avv. &#8211; incontro; nar encontra andare incontro.<\/p>\n<p>encontrar = vr. &#8211; incontrare; cfr. anche scontrar.<\/p>\n<p>encordar = vr. &#8211; accordare uno strumento musicale.<\/p>\n<p>encorniSar = vr. &#8211; incorniciare.<\/p>\n<p>encrica = agg. &#8211; intricato; complicato.<\/p>\n<p>encroSar = vr. &#8211; incrociare; ingarbugliare.<\/p>\n<p>encucarse = vr. &#8211; intasarsi, ingorgarsi; rimpinzarsi; intorpidirsi.<\/p>\n<p>encuciolarse = vr. &#8211; accovacciarsi; accoccolarsi; encuciolon accovacciato.<\/p>\n<p>encular = vr. &#8211; acculare; tamponare, urtare la parte posteriore; imbrogliare; encularse accularsi; accovacciarsi, rannicchiarsi; prostrarsi.<\/p>\n<p>endaquar = vr. &#8211; annaffiare; annacquare.<\/p>\n<p>endavera = avv. &#8211; davvero; a proposito.<\/p>\n<p>endeletar = vr. &#8211; allettare; no me endeleta non mi attira.<\/p>\n<p>endesbrigarse = vr. &#8211; sbrigarsi; ingegnarsi; tra\u2019rsi d\u2019impiccio.<\/p>\n<p>endicar = vr. &#8211; indicare.<\/p>\n<p>enditar = vr. &#8211; additare, indicare.<\/p>\n<p>end\u00f2 = avv. &#8211; dove; end\u2019el? dov\u2019e?.<\/p>\n<p>endolc\u00ec = agg. &#8211; addalcito.<\/p>\n<p>endolerse = vr. &#8211; dolersi, rammaricarsi; risentirsi; el se \u2019ndol se ne duole.<\/p>\n<p>endopiar = vr. &#8211; addoppiare; raddoppiare.<\/p>\n<p>endorar = vr. &#8211; dorare; indorare.<\/p>\n<p>endorbir = vr. &#8211; acceccare; abbagliare.<\/p>\n<p>endormenz\u00e0 = agg. &#8211; addormentato; cfr. anche endromenz\u00e0.<\/p>\n<p>endormia = s.f. &#8211; anestesia totale.<\/p>\n<p>endos = avv. &#8211; indosso.<\/p>\n<p>endotrinar = vr. &#8211; addottrinare, ammaestrare; scaltrire.<\/p>\n<p>endovinar = vr. &#8211; indovinare; azzeccare; cfr. anche entrifelar.<\/p>\n<p>endr\u00e8 = avv. &#8211; indietro, daccapo, di nuovo; ancora; (con valore aggettivale) tanto, arretrato; pi\u00f9 endr\u00e8 dela coa del gat che non capisce nulla; tegnirse \u2019ndr\u00e8 limitarsi; endr\u00e8 de gaban tonto, di scarsa intelligenza; endreghe tonto.<\/p>\n<p>endrizar = vr. &#8211; raddrizzare; correggere, far rigare diritto; endrizar su drizzare, mettere in piedi; erigere, innalzare.<\/p>\n<p>endromenzar = vr. &#8211; addormentare; anestetizzare; cfr. anche endormenzar; endromenz addormentato; assonnato; melenso.<\/p>\n<p>endur\u00ec = agg. &#8211; indurito.<\/p>\n<p>enfagot\u00e0 = agg. &#8211; infagottato; vestito di indumenti pesanti; cfr. anche embot\u00ec.<\/p>\n<p>enfald\u00e0 = agg. &#8211; infaldato.<\/p>\n<p>enfarinar = vr. &#8211; infarinare.<\/p>\n<p>enfasar = vr. \u2013 fasciare.<\/p>\n<p>enfastidiarse = vr. &#8211; infastidirsi; impensierirsi, preoccuparsi; cfr. anche festidi.<\/p>\n<p>enfati = cong. &#8211; infatti.<\/p>\n<p>enfatu\u00e0 = agg. &#8211; infatuato; innamorato.<\/p>\n<p>enferar = vr. \u2013 ferrare; cfr. anche ferar; enferar la spoSa dotare la futura sposa, a cura del promesso sposo, degli ori tra cui la fede nuziale.<\/p>\n<p>enferiada = s.f. &#8211; inferriata.<\/p>\n<p>enfi\u00e0 = agg. &#8211; enfiato, gonfio; al femm. enfiada.<\/p>\n<p>enfiaduSem = s.m. &#8211; enfiagione, gonfiore; ingrossamento.<\/p>\n<p>enfiamar = vr. &#8211; infiammare; produrre infiammazione.<\/p>\n<p>enfibiar = vr. \u2013 indottrinare, ammaestrare, scaltrire.<\/p>\n<p>enfigarse = vr. &#8211; incaponirsi, ostinarsi, invaghirsi; impantanarsi; p.p. e agg. enfig\u00e0  incapricciato, ostinato, intestardito; invaghito.<\/p>\n<p>enfin = avv. &#8211; infine, perfino, fino, sino.<\/p>\n<p>enfingardo = agg. &#8211; infingardo; falso, simulatore.<\/p>\n<p>enfizar = vr. \u2013 infilzare, infilare; increspare, raggrinzare; enfizarse infilzarsi, raggrinzarsi.<\/p>\n<p>enflop\u00e0 = agg. &#8211; ammucchiato; sgonfio.<\/p>\n<p>enfornir = vr. &#8211; rifornire; p.p. enforn\u00ec.<\/p>\n<p>enfoSin\u00e0 = agg. &#8211; imbrattato di fuliggine; cfr. anche engarniz\u00e0.<\/p>\n<p>enfrizar = vr. &#8211; infilzare, trafiggere.<\/p>\n<p>enfuri\u00e0 = agg. &#8211; infuriato.<\/p>\n<p>engabolar = vr. \u2013 gabellare, imbrogliare; cfr. anche gabolar.<\/p>\n<p>engagiar = vr. &#8211; ingaggiare, impegnare; incominciare.<\/p>\n<p>engal\u00e0 = agg. &#8211; gallato, fecondato, detto dell\u2019uovo di gallina; cfr. anche gal\u00e0.<\/p>\n<p>engamb\u00ec = agg. &#8211; raggricciato nelle gambe.<\/p>\n<p>enganar = vr. &#8211; ingannare.<\/p>\n<p>engarniz\u00e0 = agg. \u2013 imbrattato di fuliggine; cfr. anche enfoSin\u00e0.<\/p>\n<p>engaSar = vr. &#8211; impuntire.<\/p>\n<p>engeSiol\u00e0 = agg. &#8211; sottomesso; privato della libert\u00e0.<\/p>\n<p>enghiaci\u00e0 = agg. e p.p. &#8211; ghiacciato; infreddolito.<\/p>\n<p>enghiaciolon = agg. &#8211; freddoloso.<\/p>\n<p>enghinocion = avv. &#8211; con le ginocchia piegate a terra.<\/p>\n<p>enghiotir = vr. &#8211; ingoiare, inghiottire, deglutire; enghiotir dolc\u2019 e spudar amar sopportare, trattare cordialmente una persona antipatica o indegna; cfr. anche magnar mel e spudar merda.<\/p>\n<p>engiarar = vr. &#8211; inghiaiare.<\/p>\n<p>engiontar = vr. &#8211; congiungere; aggiungere; giuntare; attaccare.<\/p>\n<p>engoloS\u00ec = agg. &#8211; ingolosito, allettato, voglioso.<\/p>\n<p>eng\u00f2rt = agg. &#8211; ingordo.<\/p>\n<p>engoSar = vr. &#8211; ingozzare; ingorgare, intasare.<\/p>\n<p>engrandir = vr. &#8211; ingrandire; ampliare; esagerare.<\/p>\n<p>engrasar = vr. &#8211; ingrassare; concimare.<\/p>\n<p>engremen\u00ec = agg. &#8211; intorpidito, intirizzito.<\/p>\n<p>engrem\u00ec = agg. &#8211; intorpidito, intirizzito.<\/p>\n<p>engrep\u00e0 = agg. &#8211; incrostato di gruma o di sudiciume; cfr. anche engrep\u00ec.<\/p>\n<p>engrep\u00ec = agg. &#8211; incrostato di gruma o di sudiciume; cfr. anche engrep\u00e0.<\/p>\n<p>engrint\u00e0 = agg. &#8211; grintoso, arrabbiato.<\/p>\n<p>engropar = vr. &#8211; annodare; engropada nodo alla gola per emozione o dispiacere; groppo allo stomaco.<\/p>\n<p>engropol\u00e0 = agg. &#8211; annodato; intricato.<\/p>\n<p>engrosir = vr. &#8211; ingrossare, ingrandire; esagerare.<\/p>\n<p>engrostar = vr. &#8211; incrostare.<\/p>\n<p>engrugn\u00e0 = agg. &#8211; ingrugnito, imbronciato; rattrappito.<\/p>\n<p>engrugnol\u00e0 = agg. &#8211; rannicchiato, rattrappito.<\/p>\n<p>engual = agg. &#8211; uguale; cfr. anche gual; engual d\u00ec allo spuntar del d\u00ec, all\u2019alba; engual not sull\u2019imbrunire, al crepuscolo; engual tera rasente terra, a livello del terreno.<\/p>\n<p>enguidar = vr. &#8211; avvitare.<\/p>\n<p>enlentici\u00e0 = agg. &#8211; lentigginoso.<\/p>\n<p>enlet\u00e0 = agg. &#8211; allettato, costretto a letto.<\/p>\n<p>enluminar = vr. &#8211; illuminare, diffondere luce, rischiarare.<\/p>\n<p>enlun\u00e0 = agg. &#8211; che ha la luna di traverso; di malumore; stizzito.<\/p>\n<p>enmacac\u00e0 = agg. &#8211; intontito; imbambolato; fermo.<\/p>\n<p>enmaginar = vr. &#8211; immaginare.<\/p>\n<p>enmagon\u00e0 = agg. &#8211; ingozzato, rimpinzato; che ha il magone.<\/p>\n<p>enmanegar = vr. &#8211; mettere il manico ad un attrezzo.<\/p>\n<p>enmaton\u00ec = agg. &#8211; intontito, stordito.<\/p>\n<p>enmuciar = vr. &#8211; ammucchiare; crollare; enmuciarse crollare, rovinare al suolo, accasciarsi.<\/p>\n<p>enmularse = vr. &#8211; imbronciarsi.<\/p>\n<p>enmuSon\u00e0 = agg. &#8211; immusonito, imbronciato, ingrugnato.<\/p>\n<p>enquadrar = vr. &#8211; inquadrare; mettere al posto giusto.<\/p>\n<p>enrabiarse = vr. &#8211; adirarsi, arrabbiarsi.<\/p>\n<p>enrapolar = vr. &#8211; sgualcire; raggrinzare, detto di tessuto; cfr. anche enriciolar.<\/p>\n<p>enraSarse = vr. &#8211; imbrattarsi, macchiarsi di resina.<\/p>\n<p>enrici\u00e0 = agg. &#8211; arricciato, sgualcito.<\/p>\n<p>enriciolar = vr. &#8211; arricciare, sgualcire, raggrinzare, increspare; accartocciare; cfr. anche enrapolar.<\/p>\n<p>enrugiolir = vr. &#8211; arrugginire.<\/p>\n<p>ensacada = s.f. &#8211; insaccata causata da urto.<\/p>\n<p>ensaleSar = vr. &#8211; selciare.<\/p>\n<p>ensanegh\u00ec = agg. &#8211; intristito; cresciuto a stento; rachitico; cfr. anche ensenegh\u00ec.<\/p>\n<p>ensaonar = vr. &#8211; insaponare.<\/p>\n<p>ensegnar = vr. &#8211; insegnare; segnare; indicare; informare.<\/p>\n<p>ensema = avv. &#8211; insieme.<\/p>\n<p>ensemen\u00ec = agg. &#8211; scemo, ingrullito; stordito, intorpidito.<\/p>\n<p>ensenegh\u00ec = agg. &#8211; intristito; cresciuto stentatamente; rachitico; cfr. anche ensanegh\u00ec.<\/p>\n<p>ensenS\u00e0 = agg. &#8211; insensato; insensibile.<\/p>\n<p>enserar = vr. &#8211; frenare; serrare, stringere; enser\u00e0 p.p. e agg. frenato; stitico.<\/p>\n<p>ensifat = agg. &#8211; siffatto, cosiffatto, detto di persona o cosa strana.<\/p>\n<p>enSignar = vr. &#8211; ingegnare; aggiustare, riparare.<\/p>\n<p>ensolada = s.f. &#8211; solata, insolazione, colpo di sole; cfr. anche soliada.<\/p>\n<p>ensoma = avv. &#8211; insomma, in conclusione.<\/p>\n<p>ensomiar = vr. &#8211; assomigliare.<\/p>\n<p>ensoniar = vr. &#8211; sognare.<\/p>\n<p>ensop\u00ec = agg. &#8211; assopito.<\/p>\n<p>ensordir = vr. &#8211; assordare.<\/p>\n<p>ensozi = agg. &#8211; insozzato, impregnato di sudiciume.<\/p>\n<p>ent = avv. &#8211; dentro; cfr. anche dent.<\/p>\n<p>entac\u00e0 = agg. &#8211; intaccato; colpito dalla tubercolosi, tisico.<\/p>\n<p>entaiar = vr. &#8211; intagliare; entaiarsela subodorare, presagire, prevedere.<\/p>\n<p>entant = avv. &#8211; intanto.<\/p>\n<p>entent\u00e0 = p.p. e agg. &#8211; tentato, attirato, allettato; predisposto al litigio, litigioso; adirato.<\/p>\n<p>enterar = vr. &#8211; interrare, mettere in terra.<\/p>\n<p>enterenar = vr. &#8211; interrare; cospargere di terra o di sabbia.<\/p>\n<p>enterz\u00e0 = agg. &#8211; interzato, intramezzato.<\/p>\n<p>enteSirse = vr. &#8211; saziarsi.<\/p>\n<p>entest\u00e0 = agg. &#8211; intestato; ostinato, incaponito.<\/p>\n<p>entimar = vr. &#8211; intimare, ingiungere.<\/p>\n<p>entivar = vr. &#8211; incappare; indovinare, imbroccarla involontariamente, azzeccare.<\/p>\n<p>entonar = vr. &#8211; intonare; el ghe l\u2019a \u2019ntonada gliel\u2019ha fatta intendere.<\/p>\n<p>entorbolar = vr. &#8211; intorbidire.<\/p>\n<p>entorcer = vr. &#8211; torcere.<\/p>\n<p>entorciolar = vr. &#8211; attorcigliare; arrotolare.<\/p>\n<p>entorn = avv. &#8211; intorno, attorno; in giro, a zonzo; far entorn avvolgere.<\/p>\n<p>entortolar = vr. &#8211; arrotolare, avviluppare, aggrovigliare, intricare.<\/p>\n<p>entoseg\u00e0 = agg. &#8211; intossicato.<\/p>\n<p>entrada = s.f. &#8211; entrata, rendita; raccolto della campagna.<\/p>\n<p>entrameterse = vr. &#8211; intromettersi.<\/p>\n<p>entramez = avv. &#8211; frammezzo; in mezzo; di intralcio, di impaccio.<\/p>\n<p>entrar = vr. &#8211; entrare; cfr. anche intrar; entrarghe entrare in simpatia, incontrare il favore.<\/p>\n<p>entratant = avv. &#8211; frattanto.<\/p>\n<p>entrec = agg. &#8211; intero; rozzo, grossolano (detto di persona).<\/p>\n<p>entrifelar = vr. &#8211; azzeccare nelle previsioni; entrifela, endovinela indovinala grillo; entrifelarse intrufolarsi.<\/p>\n<p>entrig\u00e0 = agg. &#8211; impacciato; indaffarato.<\/p>\n<p>entrigar = vr. &#8211; intrigare, brigare; stare in mezzo, dare intralcio.<\/p>\n<p>entrig\u00f2s = s. e agg. m. &#8211; intrigone; ingombrante.<\/p>\n<p>entro = avv. &#8211; dentro.<\/p>\n<p>entromb\u00e0 = agg. &#8211; ubriaco fradicio.<\/p>\n<p>entromision = s.f. &#8211; pratica burocratica in preparazione al matrimonio (documenti anagrafici, pubblicazioni, avvisi, ecc.).<\/p>\n<p>entropid\u00ec = agg. &#8211; intorpidito.<\/p>\n<p>entroSarse = vr. &#8211; avviarsi per un sentiero; cfr. anche troc\u2019.<\/p>\n<p>envarol\u00e0 = agg. &#8211; butterato dal vaiolo.<\/p>\n<p>envec\u00ec = agg. &#8211; invecchiato.<\/p>\n<p>envedriada = s. f. &#8211; vetrata.<\/p>\n<p>envenar = vr. &#8211; richiamare il latte nei capezzoli.<\/p>\n<p>enventar = vr. &#8211; inventare.<\/p>\n<p>enverenar = vr. &#8211; avvelenare.<\/p>\n<p>envernar = vr. &#8211; svernare.<\/p>\n<p>enverniSar = vr. &#8211; verniciare.<\/p>\n<p>envers = prep. &#8211; verso a, nella direzione di.<\/p>\n<p>enveze = avv. &#8211; invece.<\/p>\n<p>enviar = vr. &#8211; avviare; envi\u2019ar via dare inizio; avviare qualcuno alla professione.<\/p>\n<p>envidar = vr. \u2013 avvitare; invitare.<\/p>\n<p>envivent\u00e0 = agg. &#8211; vivo, che e in vita.<\/p>\n<p>enviziar = vr. \u2013 viziare.<\/p>\n<p>enzampegar = vr. &#8211; inciampare; cfr. anche enzopegar.<\/p>\n<p>enzavariada = agg. f. &#8211; accidiosa.<\/p>\n<p>enzispar = vr. &#8211; stizzire, arrabbiare; infastidire.<\/p>\n<p>enzolar = vr. \u2013 affibbiare, allacciare, abbottonare; cfr. anche zola.<\/p>\n<p>enzopegar = vr. &#8211; inciampare; cfr. anche enzampegar.<\/p>\n<p>enzorl\u00e0 = agg. &#8211; ubriaco.<\/p>\n<p>epur = cong. &#8211; eppure.<\/p>\n<p>erba = s.f. &#8211; erba; erba dai pori erba da porri (Chelidonium majus); erba dal lat erba cipressina (Euphorbia cyparissias); erba dal lat gialt erba da porri (Chelidonium majus); erba da tai piantaggine minore (Plantago lanceolata) e piantaggine montana; erba medica erba spagna (Medicago sativa); erba mora erba mora (Solanum nigrum); erba sedola cervino, logliarella, mazzolina (Nardus stricta); cfr. anche paiola; erba spagna, erba spagna mata, (Lupinus hirsutus), ginestrina, coronilla; (i semi tostati si utilizzano per preparere un surrogato del caff\u00e8); erba spagna selvadega ginestrone spinoso; erba vedriola vetriola (Parietaria ogcinalis).<\/p>\n<p>erbara = s f. \u2013 uva verdalbara.<\/p>\n<p>erbena = s.f. \u2013 verbena.<\/p>\n<p>erbete = s.m. &#8211; gioco a carte.<\/p>\n<p>erger = vr. &#8211; ergere, alzare, sollevare; rovesciare; p.p. ergi\u00f9; star ergiudi stare sollevati.<\/p>\n<p>Erspamer = cognome.<\/p>\n<p>ert = s. e agg. &#8211; erto, rapido; pendio; ertion pendio molto ripido e scosceso.<\/p>\n<p>eSaudir = vr. &#8211; esaudire; cfr. anche Saudir.<\/p>\n<p>eSebir = vr. &#8211; esibire, offrire; cfr. anche Sibir.<\/p>\n<p>eSempi = s.m. &#8211; esempio.<\/p>\n<p>eser = vr. &#8211; essere; ind. pres.: son, es, e, sen, seo, e; el vegniria a eser sarebbe; fusao foste; fusean fossimo; eserghe esserci; sendo essendo; che sipia che io sia; erean eravamo; saras sarai; se fusa mi en te quel l\u00ec se fossi nei suoi panni; che sonte mi? che cosa sono io?; chi ei? chi sono?; ghe c\u2019e; ghela? c\u2019e lei?; la ghe c\u2019e lei; ghelo? c\u2019e lui?; ghe n\u2019e ce n\u2019e, ce ne sono; ghe n\u2019elo? ce n\u2019e, ce ne sono?; gh\u2019era c\u2019era; ghes? ci sei?.<\/p>\n<p>eSercizi = s.m. &#8211; esercizio.<\/p>\n<p>eSit = s.m. &#8211; esito; bon eSit successo.<\/p>\n<p>eSitar = vr. &#8211; esitare, offrire in vendita, spacciare.<\/p>\n<p>estra = avv. &#8211; extra, fuori; inoltre, per di pi\u00f9; estra zimer cesso fuori dall\u2019appartamento.<\/p>\n<p>estrament = avv. &#8211; extra; inoltre, in aggiunta.<\/p>\n<p>estro = s.m. &#8211; estro, disposizione favorevole, umore, voglia; animo; fantasia; maniera; capriccio.<\/p>\n<p>estros = agg. &#8211; estroso, capriccioso, lunatico, volubile.<\/p>\n<p>Eva = n.pr. &#8211; nella loc. no val na Eva non vale niente.<\/p>\n<p>evident = agg. &#8211; evidente, chiaro.  <\/p>\n","protected":false},"excerpt":{"rendered":"<p>e = inter. &#8211; eh. ec\u2019 barea = t. infant. &#8211; cosa sporca o disgustosa. Eccher = cognome. ece omo = loc. &#8211; ecce homo, detto di persona o di cosa mal ridotta. eco = avv. e inter. &#8211; ecco. educ\u00e0 = agg. &#8211; educato. efet = s.m. &#8211; effetto. Egito = Egitto, nella loc. &hellip; <\/p>\n<p class=\"link-more\"><a href=\"https:\/\/www.diaolin.com\/wordpress\/?page_id=136\" class=\"more-link\">Leggi tutto<span class=\"screen-reader-text\"> &#8220;E&#8221;<\/span><\/a><\/p>\n","protected":false},"author":1,"featured_media":0,"parent":131,"menu_order":5,"comment_status":"closed","ping_status":"open","template":"template2.php","meta":{"footnotes":""},"categories":[3],"_links":{"self":[{"href":"https:\/\/www.diaolin.com\/wordpress\/index.php?rest_route=\/wp\/v2\/pages\/136"}],"collection":[{"href":"https:\/\/www.diaolin.com\/wordpress\/index.php?rest_route=\/wp\/v2\/pages"}],"about":[{"href":"https:\/\/www.diaolin.com\/wordpress\/index.php?rest_route=\/wp\/v2\/types\/page"}],"author":[{"embeddable":true,"href":"https:\/\/www.diaolin.com\/wordpress\/index.php?rest_route=\/wp\/v2\/users\/1"}],"replies":[{"embeddable":true,"href":"https:\/\/www.diaolin.com\/wordpress\/index.php?rest_route=%2Fwp%2Fv2%2Fcomments&post=136"}],"version-history":[{"count":2,"href":"https:\/\/www.diaolin.com\/wordpress\/index.php?rest_route=\/wp\/v2\/pages\/136\/revisions"}],"predecessor-version":[{"id":2433,"href":"https:\/\/www.diaolin.com\/wordpress\/index.php?rest_route=\/wp\/v2\/pages\/136\/revisions\/2433"}],"up":[{"embeddable":true,"href":"https:\/\/www.diaolin.com\/wordpress\/index.php?rest_route=\/wp\/v2\/pages\/131"}],"wp:attachment":[{"href":"https:\/\/www.diaolin.com\/wordpress\/index.php?rest_route=%2Fwp%2Fv2%2Fmedia&parent=136"}],"wp:term":[{"taxonomy":"category","embeddable":true,"href":"https:\/\/www.diaolin.com\/wordpress\/index.php?rest_route=%2Fwp%2Fv2%2Fcategories&post=136"}],"curies":[{"name":"wp","href":"https:\/\/api.w.org\/{rel}","templated":true}]}}