{"id":143,"date":"2005-12-05T15:35:44","date_gmt":"2005-12-05T14:35:44","guid":{"rendered":"http:\/\/www.diaolin.com\/wordpress\/?page_id=143"},"modified":"2011-06-10T07:17:55","modified_gmt":"2011-06-10T06:17:55","slug":"n","status":"publish","type":"page","link":"https:\/\/www.diaolin.com\/wordpress\/?page_id=143","title":{"rendered":"N"},"content":{"rendered":"<h2 class=\"sub-title-primary\"><\/h2> <p class=\"MsoNormal\"><strong>na = agg.<\/strong> <strong>e art.<\/strong> <strong>ind.<\/strong> &#8211; una (anche<em> una).<\/em><\/p>\n<p class=\"MsoNormal\"><strong>nada = s.f.<\/strong> &#8211; fiuto.<\/p>\n<p class=\"MsoNormal\"><strong>Nadal = s.m.<\/strong> &#8211; Natale.<\/p>\n<p class=\"MsoNormal\"><strong>nanca = avv.<\/strong> <strong>e cong.<\/strong> &#8211; neanche (anche<em> gnanca).<\/em><\/p>\n<p class=\"MsoNormal\"><strong>Nane = n.pr.<\/strong> &#8211; Giovanni; (anche<em> Gian, Giani, Gioan, Gianara, Gianet, Oiaule).<\/em><\/p>\n<p class=\"MsoNormal\"><strong>nane = s.f. pl.<\/strong> &#8211; nanna; anche t. inf. letto;<em> far le nane<\/em> dormire.<\/p>\n<p class=\"MsoNormal\"><strong>naneri = s.m. pl.<\/strong> &#8211; arcioni, le due basi curve della culla a dondolo.<\/p>\n<p class=\"MsoNormal\"><strong>Nanesco = <\/strong>soprannome di famiglia a Sover.<strong> <\/strong><\/p>\n<p class=\"MsoNormal\"><strong>Nani = n.pr.<\/strong> &#8211; Anna; (anche<em> Nota<\/em> e<em> Anota).<\/em><\/p>\n<p class=\"MsoNormal\"><strong>nano = agg. e s.m<\/strong>. &#8211; nano; piccolo; dim.<em> nanotel.<\/em><\/p>\n<p class=\"MsoNormal\"><strong>Nan\u00f2ni = <\/strong>soprannome di famiglia a Sover.<strong> <\/strong><\/p>\n<p class=\"MsoNormal\"><strong>napoli = s.f.<\/strong> &#8211; napoletana, le tre carte da gioco di maggior valore dello stesso seme.<\/p>\n<p class=\"MsoNormal\"><strong>napoli\u00f2n = s.m.<\/strong> &#8211; napoleone, moneta d\u2019oro da 10 fiorini di Vienna o 20 corone o 20 franchi; moneta d\u2019argento da 5 corone austriache.<\/p>\n<p class=\"MsoNormal\"><strong>nar = vr.<\/strong> &#8211; andare. ind. pres.:<em> on<\/em> (anche von),<em> vas, va, nen, neo, va; nente<\/em> andiamo,<em> neme<\/em> andatemi;<em> i neva<\/em> andavano; anche<em> nare; nar a bizefe<\/em> andare a gonfie vele, camminare ondeggiando,\u2019<em> nar ados<\/em> andare addosso, investire;<em> nar al bec<\/em> lo spigare (degli ortaggi);<em> nar al vers<\/em> andare a genio, a proposito, andare esatto; accostarsi, cercare 1\u2019approccio;<em> nar a onde<\/em> camminare ondeggiando; cfr.<em> nar a bizefe; nar de fata<\/em> andare veloci e agire rapidamente;<em> nar de mal<\/em> andare a male, guastarsi;<em> nar for<\/em> andar fuori, uscire; ammattire;<em> narghe de valanghin<\/em> tirare la boccia da gioco a semicerchio imprimendole un moto rotatorio;<em> nar gio a rodela<\/em> scendere in picchiata;<em> nar gi\u00f2 i coioni<\/em> spazientirsi, irritarsi; stancarsi, scoraggiarsi;<em> nar gio le ore<\/em> spazientirsi, irritarsi; stancarsi;<em> nar via dale quatro<\/em> addormentarsi; andare in estasi; svenire;<em> ne l\u00e0<\/em> andate la; andate via; suvvia!.<\/p>\n<p class=\"MsoNormal\"><strong>naranz = s.m.<\/strong> &#8211; arancia.<\/p>\n<p class=\"MsoNormal\"><strong>nas = s.m.<\/strong> &#8211; naso;<em> far gi\u00f2 \u2019l nas<\/em> pulire il naso;<em> el volta su \u2019l nas<\/em> arriccia il naso; foro praticato nel tronco di un albero per inserirvi una corda o un ramo allo scopo di trainarlo.<\/p>\n<p class=\"MsoNormal\"><strong>nascorgerse = vr.<\/strong> &#8211; accorgersi; p.p.<em> nascort<\/em> accorto.<\/p>\n<p class=\"MsoNormal\"><strong>naser = vr.<\/strong> &#8211; nascere (anche<em> vegnir al mondo).<\/em> Cfr. il prov.:<em> chi de galina nase \u2019n tera ciaspa, chi de gata nase sorefi ciapa.<\/em><\/p>\n<p class=\"MsoNormal\"><strong>naSera = s.f.<\/strong> &#8211; narice.<\/p>\n<p class=\"MsoNormal\"><strong>natural = s.m.<\/strong> <strong>e agg.<\/strong> &#8211; indole; temperamento; naturale, logico.<\/p>\n<p class=\"MsoNormal\"><strong>navega = s.f.<\/strong> &#8211; pozza d\u2019acqua; laghetto.<\/p>\n<p class=\"MsoNormal\"><strong>navegar = vr.<\/strong> &#8211; nuotare; cfr. anche<em> nodar. <\/em><\/p>\n<p class=\"MsoNormal\"><strong>naveSela = s.f.<\/strong> &#8211; navicella per l\u2019incenso; bobina.<\/p>\n<p class=\"MsoNormal\"><strong>naveta = s.f.<\/strong> &#8211; navetta; bobina della macchina da cucire.<\/p>\n<p class=\"MsoNormal\"><strong>Nazi<\/strong> = soprannome di famiglia a Sover.<\/p>\n<p class=\"MsoNormal\"><strong>Nazio = n.pr.<\/strong> &#8211; Ignazio.<\/p>\n<p class=\"MsoNormal\"><strong>n\u00e8 = part.<\/strong> pron. e avv. &#8211; ne.<\/p>\n<p class=\"MsoNormal\"><strong>n\u00e8 = cang.<\/strong> &#8211; n\u00e8;<em> n\u00e8 ai, n\u00e8 bai<\/em> senza proferire sillaba;<em> n\u00e8 del ti, n\u00e8 del voi<\/em> senza senso, senza significato;<em> n\u00e8 foc, n\u00e8 loc<\/em> n\u00e8 famiglia, n\u00e8 casa.<\/p>\n<p class=\"MsoNormal\"><strong>nebia = s.f.<\/strong> &#8211; nebbia; traveggole; malbianco, oidio.<\/p>\n<p class=\"MsoNormal\"><strong>nebiar = vr.<\/strong> &#8211; annebbiare (con riferimento ai prodotti della campagna guastati dalla nebbia).<\/p>\n<p class=\"MsoNormal\"><strong>nebir = vr.<\/strong> &#8211; inibire.<\/p>\n<p class=\"MsoNormal\"><strong>negar = vr.<\/strong> &#8211; annegare;<em> neg\u00e0 come \u2019n poiat<\/em> bagnato fradicio.<\/p>\n<p class=\"MsoNormal\"><strong>negozi = s.m.<\/strong> &#8211; negozio, bottega.<\/p>\n<p class=\"MsoNormal\"><strong>negrara = s.f.<\/strong> &#8211; uva e vino negrara dell\u2019omonimo vitigno.<\/p>\n<p class=\"MsoNormal\"><strong>negriol = agg.<\/strong> &#8211; dalla pelle scura.<\/p>\n<p class=\"MsoNormal\"><strong>negro = s.<\/strong> e agg. m. &#8211; negro; nero, moro.<\/p>\n<p class=\"MsoNormal\"><strong>negun = agg.<\/strong> e pron. &#8211; nessuno; cfr. anche<em> nesun.<\/em><\/p>\n<p class=\"MsoNormal\"><strong>nemer = s.m.<\/strong> &#8211; bigoncio a doghe a forma di botte con un solo fondo, munito di spallacci, della capacita di 1t. 60 circa (sostituito poi dal<em> congial).<\/em><\/p>\n<p class=\"MsoNormal\"><strong>nemiga = avv.<\/strong> &#8211; per mente, per nulla; (anche<em> ne miza).<\/em><\/p>\n<p class=\"MsoNormal\"><strong>nemol = s.m.<\/strong> &#8211; variet\u00e0 di susina.<\/p>\n<p class=\"MsoNormal\"><strong>Nena = n.pr.<\/strong> &#8211; Maddalena.<\/p>\n<p class=\"MsoNormal\"><strong>nena = s.f.<\/strong> &#8211; capra.<\/p>\n<p class=\"MsoNormal\"><strong>neno = s.m.<\/strong> &#8211; capretto.<\/p>\n<p class=\"MsoNormal\"><strong>neo = s.m.<\/strong> &#8211; neo (sulla cute); pl.<em> nei.<\/em><\/p>\n<p class=\"MsoNormal\"><strong>neo = s.f.<\/strong> &#8211; neve; pl.<em> neo.<\/em><\/p>\n<p class=\"MsoNormal\"><strong>ne\u00f2 = s.m.<\/strong> &#8211; nipote; cfr. anche<em> nev\u00f2; pl. ne\u00f2di. <\/em><\/p>\n<p class=\"MsoNormal\"><strong>neoda =- s.f.<\/strong> &#8211; nipote; cfr. anche<em> neza.<\/em><\/p>\n<p class=\"MsoNormal\"><strong>nerf = s.m.<\/strong> &#8211; nervo; tendine.<\/p>\n<p class=\"MsoNormal\"><strong>nervos = agg.<\/strong> &#8211; nervoso.<\/p>\n<p class=\"MsoNormal\"><strong>nes\u00ec = inter.<\/strong> &#8211; nevvero (anche in forma interrogativa).<\/p>\n<p class=\"MsoNormal\"><strong>nespol = s.m.<\/strong> &#8211; nespola; pl.<em> nespoli.<\/em><\/p>\n<p class=\"MsoNormal\"><strong>nespolar = s.m.<\/strong> &#8211; nespolo.<\/p>\n<p class=\"MsoNormal\"><strong>nesun = agg.<\/strong> e pron. &#8211; nessuno; cfr. anche<em> negun.<\/em><\/p>\n<p class=\"MsoNormal\"><strong>net = agg.<\/strong> &#8211; netto, pulito.<\/p>\n<p class=\"MsoNormal\"><strong>netar = vr.<\/strong> &#8211; nettare, pulire.<\/p>\n<p class=\"MsoNormal\"><strong>nev\u00f2 = s.m.<\/strong> &#8211; nipote; cfr. anche<em> ne\u00f2.<\/em><\/p>\n<p class=\"MsoNormal\"><strong>neza = s.f.<\/strong> &#8211; nipote; cfr. anche<em> neoda.<\/em><\/p>\n<p class=\"MsoNormal\"><strong><span lang=\"DE\">nichel\u00e0 = agg.<\/span><\/strong><span lang=\"DE\"> &#8211; nichelato. <\/span><\/p>\n<p class=\"MsoNormal\"><strong>Nicioli<\/strong> = soprannome di famiglia a Sover.<\/p>\n<p class=\"MsoNormal\"><strong>Nicol = n.pr.<\/strong> &#8211; Nicolo; dim.<em> Nicolodel.<\/em><\/p>\n<p class=\"MsoNormal\"><strong>Nicolodei = top.<\/strong> &#8211; masi a Montalto di Sover.<\/p>\n<p class=\"MsoNormal\"><strong>Nicolodei<\/strong> = soprannome di famiglia a Sover.<\/p>\n<p class=\"MsoNormal\"><strong>nient = pron.<\/strong> <strong>e avv.<\/strong> &#8211; niente; cfr. anche<em> gnent.<\/em><\/p>\n<p class=\"MsoNormal\"><strong>ninar = vr.<\/strong> &#8211; cullare.<\/p>\n<p class=\"MsoNormal\"><strong>Ninete<\/strong> = soprannome di famiglia a Sover.<\/p>\n<p class=\"MsoNormal\"><strong>nini = s.m.<\/strong> &#8211; bambino.<\/p>\n<p class=\"MsoNormal\"><strong>ninolar = vr.<\/strong> &#8211; cullare; dondolare.<\/p>\n<p class=\"MsoNormal\"><strong>nio = s.m.<\/strong> &#8211; nido; pl.<em> nivi; for de nio<\/em> fuori del nido, fuori di casa; svezzato.<\/p>\n<p class=\"MsoNormal\"><strong>nizar = vr.<\/strong> &#8211; incignare, iniziare il consumo di qualche cosa (una bottiglia, una torta, ecc.).<\/p>\n<p class=\"MsoNormal\"><strong>no = part.<\/strong> <strong>olofr<\/strong>. &#8211; no; in forma interrogativa significa \u00abvero o no?\u00bb.<\/p>\n<p class=\"MsoNormal\"><strong>no = avv.<\/strong> &#8211; non;<em> nol<\/em> non lo;<em> no \u2019l<\/em> non egli, non esso;<em> nol vedo<\/em> non lo conosco; non lo ritengo adatto. <strong>noaltri = pron.<\/strong> &#8211; noialtri (rafforzativo di noi).<\/p>\n<p class=\"MsoNormal\"><strong>nodar = vr.<\/strong> &#8211; nuotare; cfr. anche<em> navegar.<\/em><\/p>\n<p class=\"MsoNormal\"><strong>nof = agg.<\/strong> &#8211; nuovo; anche<em> noo.<\/em><\/p>\n<p class=\"MsoNormal\"><strong>nogara = s.f.<\/strong> &#8211; noce (pianta);<em> far nogara<\/em> fare la verticale, posizione perpendicolare al suolo a testa in gi\u00f9.<\/p>\n<p class=\"MsoNormal\"><strong>nogarole = s.f. pl.<\/strong> &#8211; capriole; salti.<\/p>\n<p class=\"MsoNormal\"><strong>nol = s.m.<\/strong> &#8211; nolo, noleggio; servizio di trasporto.<\/p>\n<p class=\"MsoNormal\"><strong>nolar = vr.<\/strong> &#8211; noleggiare.<\/p>\n<p class=\"MsoNormal\"><strong>Nolini<\/strong> = soprannome di famiglia a Sover.<\/p>\n<p class=\"MsoNormal\"><strong>nom = s.m.<\/strong> &#8211; nome.<\/p>\n<p class=\"MsoNormal\"><strong>nombr = s.m.<\/strong> &#8211; numero; cfr. anche<em> numer.<\/em><\/p>\n<p class=\"MsoNormal\"><strong>nombrar = vr.<\/strong> &#8211; numerare.<\/p>\n<p class=\"MsoNormal\"><strong>nomina = s.f.-<\/strong> nomea, fama buona o cattiva.<\/p>\n<p class=\"MsoNormal\"><strong>non = s.m.<\/strong> &#8211; nonno.<\/p>\n<p class=\"MsoNormal\"><strong>nona = s.f.<\/strong> &#8211; nonna.<\/p>\n<p class=\"MsoNormal\"><strong>nona = s.f.<\/strong> &#8211; influenza, malattia; encefalite letargica.<\/p>\n<p class=\"MsoNormal\"><strong>nonanta = agg.<\/strong> &#8211; novanta.<\/p>\n<p class=\"MsoNormal\"><strong>nones = s.m.<\/strong> &#8211; nativo della Val di Non.<\/p>\n<p class=\"MsoNormal\"><strong>Nones = <\/strong>cognome.<\/p>\n<p class=\"MsoNormal\"><strong>noo = agg.<\/strong> &#8211; nuovo;<em> noo de trinca<\/em> nuovo di zecca.<\/p>\n<p class=\"MsoNormal\"><strong>nora = s.f.<\/strong> &#8211; nuora.<\/p>\n<p class=\"MsoNormal\"><strong>nos = agg. e pron.<\/strong> &#8211; nostro.<\/p>\n<p class=\"MsoNormal\"><strong>n\u00f2s = s.f.<\/strong> &#8211; noce (frutto);<em> nos bechera<\/em> noce con la punta a becco; pl.<em> nos.<\/em><\/p>\n<p class=\"MsoNormal\"><strong>nosa = agg.<\/strong> <strong>e pron. f.<\/strong> &#8211; nostra.<\/p>\n<p class=\"MsoNormal\"><strong>noSela = s.f.<\/strong> &#8211; nocciola;<em> no ai ciapa \u2019n piz de na noSela<\/em> non ha ereditato un filo, non ha ricevuto nulla;<em> noSela ciucia<\/em> nocciola vuota.<\/p>\n<p class=\"MsoNormal\"><strong>noSelar = s.m.<\/strong> &#8211; nocciolo<em> (Corylus avellana).<\/em><\/p>\n<p class=\"MsoNormal\"><strong>noSeta = s.f.<\/strong> &#8211; noce, malleolo.<\/p>\n<p class=\"MsoNormal\"><strong>noSin = s.m.<\/strong> &#8211; nocino, liquore di grappa, noci e zucchero.<\/p>\n<p class=\"MsoNormal\"><strong>noSiol = s.m.<\/strong> &#8211; nosiola, vino dell\u2019omonimo vitigno, giallo paglierino, di aroma gradevole e caratteristico. Se coltivato in qualche terreno della Val di Cembra e maturato a tempo debito risulta simile allo Champagne.<\/p>\n<p class=\"MsoNormal\"><strong>nosnocada = s.f.<\/strong> &#8211; noce moscata.<\/p>\n<p class=\"MsoNormal\"><strong>nostran = agg.<\/strong> &#8211; nostrano, dei nostri paesi.<\/p>\n<p class=\"MsoNormal\"><strong><span lang=\"EN-GB\">not = s.f.<\/span><\/strong><span lang=\"EN-GB\"> &#8211; notte. <\/span><\/p>\n<p class=\"MsoNormal\"><strong>nota = s.f.<\/strong> &#8211; nota; voto riportato a scuola.<\/p>\n<p class=\"MsoNormal\"><strong>Nota = n.pr.<\/strong> &#8211; Anna; cfr. anche<em> Nani<\/em> e<em> Anota.<\/em><\/p>\n<p class=\"MsoNormal\"><strong>nova = agg.<\/strong> e s.f. &#8211; nuova; notizia, novella.<\/p>\n<p class=\"MsoNormal\"><strong>nove = agg.<\/strong> &#8211; nove.<\/p>\n<p class=\"MsoNormal\"><strong>Novei =<\/strong> soprannome di famiglia a Cembra.<\/p>\n<p class=\"MsoNormal\"><strong>novelam = s.m.<\/strong> &#8211; giovani piantine arboree o arbustive.<\/p>\n<p class=\"MsoNormal\"><strong>novient = agg.<\/strong> &#8211; nuovissimo.<\/p>\n<p class=\"MsoNormal\"><strong>noviziat = s.m.<\/strong> &#8211; noviziato; tirocinio, tempo dell\u2019apprendimento.<\/p>\n<p class=\"MsoNormal\"><strong>novizio = s.m.<\/strong> &#8211; novellino, principiante.<\/p>\n<p class=\"MsoNormal\"><strong>noza = s.f.<\/strong> &#8211; nozze, matrimonio; pranzo di nozze.<\/p>\n<p class=\"MsoNormal\"><strong>nozaroi = s.m.<\/strong> <strong>pl.<\/strong> &#8211; partecipanti alle nozze, convitati.<\/p>\n<p class=\"MsoNormal\"><strong>nudar = vr.<\/strong> &#8211; denudare;<em> a se nudar<\/em> a spogliarsi; cfr. anche<em> snudar.<\/em><\/p>\n<p class=\"MsoNormal\"><strong>nugol = agg.<\/strong> &#8211; nuvoloso.<\/p>\n<p class=\"MsoNormal\"><strong>nugola = s.f.<\/strong> &#8211; nuvola.<\/p>\n<p class=\"MsoNormal\"><strong>Nugoli <\/strong>= soprannome di famiglia a Sover.<\/p>\n<p class=\"MsoNormal\"><strong>numer = s.m.<\/strong> &#8211; numero; cfr. anche<em> nombr.<\/em><\/p>\n<p class=\"MsoNormal\"><strong>Nunziata<\/strong> = soprannome di famiglia a Sover.<\/p>\n<p class=\"MsoNormal\"><strong><span lang=\"EN-GB\">nut = agg.<\/span><\/strong><span lang=\"EN-GB\"> &#8211; nudo. <\/span><\/p>\n<p class=\"MsoNormal\"><strong><span lang=\"FR\">nutrir = vr.<\/span><\/strong><span lang=\"FR\"> &#8211; nutrire. <\/span><\/p>\n<p><span lang=\"FR\"><!--[if !supportEmptyParas]--> <\/span><\/p>\n","protected":false},"excerpt":{"rendered":"<p>na = agg. e art. ind. &#8211; una (anche una). nada = s.f. &#8211; fiuto. Nadal = s.m. &#8211; Natale. nanca = avv. e cong. &#8211; neanche (anche gnanca). Nane = n.pr. &#8211; Giovanni; (anche Gian, Giani, Gioan, Gianara, Gianet, Oiaule). nane = s.f. pl. &#8211; nanna; anche t. inf. letto; far le nane dormire. &hellip; <\/p>\n<p class=\"link-more\"><a href=\"https:\/\/www.diaolin.com\/wordpress\/?page_id=143\" class=\"more-link\">Leggi tutto<span class=\"screen-reader-text\"> &#8220;N&#8221;<\/span><\/a><\/p>\n","protected":false},"author":1,"featured_media":0,"parent":131,"menu_order":11,"comment_status":"closed","ping_status":"open","template":"template2.php","meta":{"footnotes":""},"categories":[3],"_links":{"self":[{"href":"https:\/\/www.diaolin.com\/wordpress\/index.php?rest_route=\/wp\/v2\/pages\/143"}],"collection":[{"href":"https:\/\/www.diaolin.com\/wordpress\/index.php?rest_route=\/wp\/v2\/pages"}],"about":[{"href":"https:\/\/www.diaolin.com\/wordpress\/index.php?rest_route=\/wp\/v2\/types\/page"}],"author":[{"embeddable":true,"href":"https:\/\/www.diaolin.com\/wordpress\/index.php?rest_route=\/wp\/v2\/users\/1"}],"replies":[{"embeddable":true,"href":"https:\/\/www.diaolin.com\/wordpress\/index.php?rest_route=%2Fwp%2Fv2%2Fcomments&post=143"}],"version-history":[{"count":1,"href":"https:\/\/www.diaolin.com\/wordpress\/index.php?rest_route=\/wp\/v2\/pages\/143\/revisions"}],"predecessor-version":[{"id":2850,"href":"https:\/\/www.diaolin.com\/wordpress\/index.php?rest_route=\/wp\/v2\/pages\/143\/revisions\/2850"}],"up":[{"embeddable":true,"href":"https:\/\/www.diaolin.com\/wordpress\/index.php?rest_route=\/wp\/v2\/pages\/131"}],"wp:attachment":[{"href":"https:\/\/www.diaolin.com\/wordpress\/index.php?rest_route=%2Fwp%2Fv2%2Fmedia&parent=143"}],"wp:term":[{"taxonomy":"category","embeddable":true,"href":"https:\/\/www.diaolin.com\/wordpress\/index.php?rest_route=%2Fwp%2Fv2%2Fcategories&post=143"}],"curies":[{"name":"wp","href":"https:\/\/api.w.org\/{rel}","templated":true}]}}