{"id":151,"date":"2005-12-05T15:40:09","date_gmt":"2005-12-05T14:40:09","guid":{"rendered":"http:\/\/www.diaolin.com\/wordpress\/?page_id=151"},"modified":"2011-06-10T07:17:59","modified_gmt":"2011-06-10T06:17:59","slug":"v","status":"publish","type":"page","link":"https:\/\/www.diaolin.com\/wordpress\/?page_id=151","title":{"rendered":"V"},"content":{"rendered":"<h2 class=\"sub-title-primary\"><\/h2> <p>vaca = s.f. &#8211; vacca; fig. ozio; fig. sgualdrina; embriac come na vaca ubriaco fradicio; far vaca stare sdraiato e in ozio, oppure far canale, fare avallamento (detto di corda o di terreno); gnanca da darghe gi\u00f2 ale vache (detto di persona tanto spregevole che anche le vacche si rifiuterebbero di mangiarla).<\/p>\n<p>vacada = s.f. &#8211; solenne sproposito, grossa porcheria; cosa mal eseguita; azione ripugnante.<\/p>\n<p>vacanza = s.f. &#8211; vacanza.<\/p>\n<p>vacheta = s.f. &#8211; pellame per la confezione di calzature.<\/p>\n<p>vacheta = s.f. &#8211; dolore al polso dovuto, ad esempio, ad un lavoro prolungato (come la mungitura).<\/p>\n<p>vada = s.f. &#8211; vangaiola, rete da pesca a forma di imbuto fissata ad una pertica.<\/p>\n<p>vagon = s.m. &#8211; vagone ferroviario; fig. grande quantit\u00e0.<\/p>\n<p>vaiar = vr. &#8211; invaiare, invaiolare (detto dell\u2019uva quando incomincia a maturare.)<\/p>\n<p>val = s.f. &#8211; valle; for par val gi\u00f9 per la valle; dent par la val su per la valle, fuori paese; scherz. Val dele ciasche Val di Cembra, detta anche Val dela pelagra.<\/p>\n<p>val = s.m. &#8211; paniere di vimini; vaglio, paniere a conchiglia col margine ribassato da un lato e fornito di due anse, usato per mondare il grano agitandolo; paniera; en val una grande quantit\u00e0.<\/p>\n<p>va l\u00e0! = inter. &#8211; suvvia!<\/p>\n<p>valanzana = s.f. &#8211; coperta di lana; cfr. anche balanzana.<\/p>\n<p>valdrapa = s.f. &#8211; baldracca, puttana; donna sboccata.<\/p>\n<p>valdresca = s.f. &#8211; lettiera, cassone trasformabile in culla; cfr. anche baldresca.<\/p>\n<p>valent = agg. &#8211; valente, abile; di gran valore.<\/p>\n<p>valer = vr. &#8211; valere; ind. pres. valo, vales, val, valen, valeo, val; no \u2019l val na eva non vale nulla.<\/p>\n<p>valer = agg. e s.m. &#8211; vallivo; valligiano; oriundo della Val di Cembra.<\/p>\n<p>valeSela = s.f. &#8211; valletta.<\/p>\n<p>valet = s.m. &#8211; valletta; fosso.<\/p>\n<p>Valeta = n.pr. &#8211; Valentino.<\/p>\n<p>valghe = agg. e pron. &#8211; qualche; qualcosa; alcuni; cfr. anche vargot.<\/p>\n<p>valia = s.f. &#8211; vaglia, valore, pregio; vaglia postale.<\/p>\n<p>valido = agg. &#8211; valido, efficace.<\/p>\n<p>validit\u00e0 = s.f. &#8211; validit\u00e0, durata.<\/p>\n<p>valio = agg. &#8211; piano, eguale; dello stesso livello; uniforme; cfr. anche gualio.<\/p>\n<p>valis = s.f. &#8211; valigia.<\/p>\n<p>va1on = s.m. &#8211; vallone; canalone.<\/p>\n<p>valoros = agg. &#8211; valoroso; valente.<\/p>\n<p>valsuganot = s.m. &#8211; nativo della Valsugana.<\/p>\n<p>valuta = s.f. &#8211; denaro; prezzo.<\/p>\n<p>valutar = vr. &#8211; valutare; apprezzare, stimare.<\/p>\n<p>valvola = s.f. &#8211; valvola.<\/p>\n<p>vampa = s.f. &#8211; vampa.<\/p>\n<p>vanegia = s.f. &#8211; parte di campo o di prato coltivati; na gran vanegia un grande campo o un gran prato; accr. vanegion.<\/p>\n<p>vangar = vr. &#8211; vangare, lavorare la terra con la vanga.<\/p>\n<p>vanilia = s.f. &#8211; vaniglia.<\/p>\n<p>vano = agg. e s.m. &#8211; vano, vuoto; posto vuoto, spazio libero.<\/p>\n<p>vantar = vr. &#8211; vantare.<\/p>\n<p>vanzar = vr. &#8211; avanzare; rimanere un residuo o un resto; vanzar for sporgere vanzar gi\u00f2 pendere, penzolare.<\/p>\n<p>vanzaroti = s.m. pl. &#8211; avanzi, rimasugli di vivande; cfr. anche svanzaroti.<\/p>\n<p>vapor = s.m. &#8211; vapore; locomotiva a vapore; nave a vapore.<\/p>\n<p>varda = s.f. &#8211; guaita, osservatorio, appostarnento per spiare; cfr. anche sguaita.<\/p>\n<p>vardada = s.f. &#8211; sguardo, occhiata.<\/p>\n<p>vardar = guardare; ind. pres. vardo, vardes, varda, vardan, vardao, varda; p.p. vard\u00e0; vara guarda; se far vardar dre farsi criticare o fare brutta figura; vardar for ben avere una buona cera, star bene di salute; vardar for sota guardare sottecchi; vardar sotcoz guardare sottecchi; vardaven da mal guardatevi dal maIe (espressione augurale); vardave \u2019ntorna guardatevi attorno, fate attenzione; vardaven via guardatevi, state all\u2019erta.<\/p>\n<p>varentar = vr. &#8211; garantire; proteggere.<\/p>\n<p>vargot = pron. &#8211; qualcosa; l\u2019e vargot oppure l\u2019e vargot de raro \u00e8 qualcosa di molto pregevole; vargot de bel qualcosa di meraviglioso; cfr. anche vergot e vergota.<\/p>\n<p>variar = vr. &#8211; variare, modificare.<\/p>\n<p>variato = s.m. &#8211; radicchio rosso o variegato.<\/p>\n<p>varicelo = s.m. &#8211; verricello.<\/p>\n<p>varir = vr. &#8211; guarire.<\/p>\n<p>varol = s.m. &#8211; vaiolo; varicella.<\/p>\n<p>varol\u00e0 = agg. &#8211; butterato, vaiolata.<\/p>\n<p>varole = s.f. pl. &#8211; pustolette, piccole cicatrici da vaiolo o varicella.<\/p>\n<p>varovo = s.m. &#8211; sorta di uva rossa.<\/p>\n<p>vaSa = s.f. &#8211; mosto di uva appena pigiata.<\/p>\n<p>vasca = s.f. &#8211; vasca.<\/p>\n<p>vasel = s.m. &#8211; arnia; quantit\u00e0 di api conviventi in un\u2019arnia; cfr. anche basel.<\/p>\n<p>vaSet = s.m. &#8211; vasetto di vetro o di terraglia.<\/p>\n<p>vaSo = s.m. &#8211; vaso; orinale.<\/p>\n<p>VaSoni = top. &#8211; localita in Montagna a Sover.<\/p>\n<p>vatelacerca = loc. &#8211; vattelapesca; chi lo sa?<\/p>\n<p>vaten = s.m. &#8211; Watten, gioco a carte; cfr. anche baten.<\/p>\n<p>vatengar! = loc. &#8211; vai ad annegarti!, vai al diavolo!<\/p>\n<p>vazine = s.f. pl. &#8211; vaccino; vaccinazione; cicatrici della vaccinazione.<\/p>\n<p>ve\u2019 = inter. &#8211; bada, vedi; ve\u2019 che bada che.<\/p>\n<p>ve = pron. &#8211; vi, a voi.<\/p>\n<p>vea = s.f. &#8211; vigilia; cfr. anche vegilia; veglia.<\/p>\n<p>vece = s.f. sing. &#8211; veci, funzioni.<\/p>\n<p>vecia = s.f. &#8211; veccia (Vicia sativa).<\/p>\n<p>vecia = agg. e s.f. &#8211; vecchia; la me vecia mia moglie (anche se giovane).<\/p>\n<p>vecio = agg. e s.m. &#8211; vecchio; el me vecia mio marito o mio padre; i nosi veci i nostri padri, i nostri antenati; vecio come \u2019n cuco vecchione; vecet vecchietto; veciot un po\u2019 vecchio, vecchietto.<\/p>\n<p>vedel = s.m. &#8211; vitello; el par che l\u2019aves fat en vedel senza coa detto di persona presuntuosa.<\/p>\n<p>vedem = agg. &#8211; pallido, livido, cereo.<\/p>\n<p>veder = vr. &#8211; vedere; ind. pres. vedo, vedes, vede, veden, vedeo, vede; p.p. ved\u00f9 e vist; vederas o vedras vedrai; da la veder da vederla; gnanca da veder nemmeno per sogno; el vedo lo conosco, lo ricordo; nol vedo non lo riconosco o non lo ritengo adatto; vedrasti mo mi se te la \u2019nsegno vedrai se non ti raddrizzo; l\u2019e ben bela da veder \u00e8 di facile previsione; vete guarda tu; vetelo gaardalo, eccolo; vete vete guarda guarda (escl. di sorpresa); ghe la far veder \u00abspuntarla\u00bb; el el vede egli vede; lori i vede vedono.<\/p>\n<p>vedof = s.m. &#8211; vedovo; pl. vedovi.<\/p>\n<p>vedovela = s.f. &#8211; giovane vedova.<\/p>\n<p>vedrina = s.f. &#8211; credenza cui \u00e8 sovrapposto un armadietto con sportelli a vetri.<\/p>\n<p>vedro = s.m. &#8211; vetro; Aqua de vedro soluzione a base di acqua di silicato di sodio (vetro solubile) usata per la conservazione delle uova.<\/p>\n<p>veduta = s.f. &#8211; veduta, vista, panorama.<\/p>\n<p>vegetar = vr. &#8211; vegetare.<\/p>\n<p>vegetazion = s.f. &#8211; vegetazione; en vegetazion in succhio.<\/p>\n<p>vegiar = vr. &#8211; vegliare; vigilare.<\/p>\n<p>Vegili = n.pr. &#8211; Vigilio.<\/p>\n<p>vegilia = s.f. &#8211; vigilia; cfr. anche vea.<\/p>\n<p>vegnente = agg. &#8211; prossimo, in arrivo.<\/p>\n<p>vegnir = vr. &#8211; venire; giungere all\u2019orgasmo; ind. pres. vegno, vegnes, ven, vegnin, vegnio, ven; p.p. vegn\u00f9 e vegnest; veime vienimi; veime \u2019ncontro vienimi incontro, aiutami, favariscimi; vegnir al mondo nascere; vegnir ale bele venire a tiro, capitare a portata di mano; vegnir a una venire alla conclusione; vegnir d\u2019et\u00e0 avanzare negli anni; vegnir dre seguire; vegnirghen fora raccapezzarsi, venirne a capo, riuscire, quadrare i conti; vegnudi fora usciti, identificati (i colpevoIi), sbocciati (i fiori); vegn\u00ec che ve boio venite che vi offro qualcosa di caldo (solitamente caff\u00e8 casalingo); vegn\u00ec con mi venite con me, consentite con me.<\/p>\n<p>vel = s.m. &#8211; velo; strato leggerissimo.<\/p>\n<p>veleta = s.f. &#8211; veletta, velo leggero che copre parte del viso.<\/p>\n<p>veloce = agg. &#8211; veloce, svelto.<\/p>\n<p>velocipede = s.m. &#8211; velocipede.<\/p>\n<p>vel\u00f9 = s.m. &#8211; velluto; cfr. anche veludo.<\/p>\n<p>vetudini = s.m. pl. &#8211; viole del pensiero.<\/p>\n<p>veludo = s.m. &#8211; velluto; cfr. anche vel\u00f9.<\/p>\n<p>vena = s.f. &#8211; vena; venatura; disposizione, voglia.<\/p>\n<p>vencer = vr. &#8211; vincere; prevalere; p.p. venci\u00f9.<\/p>\n<p>vendema = s.f. &#8211; vendemmia.<\/p>\n<p>vendemador = s.m. &#8211; vendemmiatore.<\/p>\n<p>vender = vr. &#8211; vendere; p.p. vend\u00f9.<\/p>\n<p>vendeta = s.f. &#8211; vendetta; castigo; disastro.<\/p>\n<p>vendicar = vr. &#8211; vendicare.<\/p>\n<p>vendro = s.m. &#8211; venerd\u00ec.<\/p>\n<p>vent = s.m. &#8211; vento.<\/p>\n<p>ventac\u2019 = s.m. &#8211; ventaccio.<\/p>\n<p>ventala = s.f. &#8211; ventaglio; ventola.<\/p>\n<p>ventaSa = s.f. &#8211; ventolana (Bromus arvensis).<\/p>\n<p>ventesa = s.f. &#8211; vento di scirocco.<\/p>\n<p>ventil = s.m. &#8211; fascetta di gomma applicata all\u2019orifizio della valvola nelle ruote di bicicletta.<\/p>\n<p>ventola = s.f. &#8211; ventola; pala da mulino.<\/p>\n<p>ventos = agg. &#8211; ventoso.<\/p>\n<p>ventricol = s.m. &#8211; ventncolo; stomaco.<\/p>\n<p>ventura = s.f. &#8211; ventura, sorte, caso.<\/p>\n<p>ver = agg. &#8211; vero; f. vera.<\/p>\n<p>vera = s.f. &#8211; vera, anello matrimoniale; ghiera.<\/p>\n<p>verderam = s.m. &#8211; verderame, solfato di rame anticrittogamico.<\/p>\n<p>verdicioni = s.m. pl. &#8211; vitalba (Clematis vitalba).<\/p>\n<p>verdura = s.f. &#8211; verdura, ortaggio.<\/p>\n<p>veren = s.m. &#8211; veleno; cfr. anche tosec.<\/p>\n<p>vereta = s.f. &#8211; vera, anello matrimoniale; cfr. anche vera.<\/p>\n<p>verga = s.f. &#8211; bacchetta flessibile; frusta.<\/p>\n<p>vergine maria = inter. di meraviglia o disappunto.<\/p>\n<p>virgine = s.f. &#8211; vergine.<\/p>\n<p>vergine = agg. &#8211; vergine; puro; intatto; grezzo; genuino.<\/p>\n<p>vergogna = s.f. &#8211; vergogna; timidezza; soggezione; impaccio.<\/p>\n<p>vergognos = agg. &#8211; vergognoso; timido.<\/p>\n<p>vergola = s.f. &#8211; virgulto.<\/p>\n<p>vergot = pron. &#8211; qualcosa; cfr. anehe vargot, vergota.<\/p>\n<p>vergota = pron. &#8211; qualcosa.<\/p>\n<p>verificar = vr. &#8211; verificare, accertare.<\/p>\n<p>verisem = agg. &#8211; verissimo.<\/p>\n<p>verit\u00e0 = s.f. &#8211; verit\u00e0; en verit\u00e0 santa rafforz. in verit\u00e0.<\/p>\n<p>verm = s.m. &#8211; verme; pl. vermi parassiti dell\u2019intestino.<\/p>\n<p>Vernera = top. &#8211; Vernera, montagna di Sover nella catena del Lagorai.<\/p>\n<p>vernis = vernice; impronta della mano.<\/p>\n<p>vers = prep. &#8211; verso; vers de ti verso te.<\/p>\n<p>vers = s.m. &#8211; verso, versaccio, urlo; lato; modo; a qualche vers in modo disordinato; nar al vers andare a genio, andare a proposito, cercare l\u2019approccio; en vers e l\u2019altro una cosa o 1\u2019altra al vers appunto, evidentemente.<\/p>\n<p>vert = agg. &#8211; verde; acerbo; fresco; non stagionato; f. verda; eser al vert essere senza quattrini.<\/p>\n<p>verta masaria = inter. di meraviglia o di di- sappunto.<\/p>\n<p>verta mazoche = inter. di meraviglia o di disappunto.<\/p>\n<p>verta sinta = inter. di meraviglia o di disappunto.<\/p>\n<p>vertole = s.f. pl. &#8211; vertenze, controversie; fandonie.<\/p>\n<p>verza = s.f. &#8211; cavolo verza.<\/p>\n<p>vesco = s.m. &#8211; vescovo.<\/p>\n<p>vesiga = s.f. &#8211; vescica; bolla; lesione cutanea; rigonfiamento.<\/p>\n<p>veSin = agg. e avv. &#8211; vicino; cfr. anche vicin.<\/p>\n<p>vespa = s.f. &#8211; vespa; cfr. anche bespa.<\/p>\n<p>vesta = s.f. &#8211; gonna, sottana.<\/p>\n<p>vestimenta = s.f. &#8211; veste; divisa; vestimenta da pompier divisa da pompiere.<\/p>\n<p>vestir = vr. &#8211; vestire; ind. pres. vestiso, vestisi, vestis, vestin, vestio, vestis; te te vestisi ti vesti; vestisete vestiti, copriti bene; p.p. vest\u00ec; vest\u00ec da plao vestito decorosamente (ma non elegante).<\/p>\n<p>vestidot = s.m. &#8211; vestito; abituccio.<\/p>\n<p>vestizion = s.f. &#8211; vestizione, cerimonia.<\/p>\n<p>veterinari = s.m. &#8211; veterinario; pl. veterinari; cfr. anche vetrinari.<\/p>\n<p>vetrinari = s.m. &#8211; veterinario; pl. vetrinari; cfr. anche veterinari.<\/p>\n<p>Vettori = cognome.<\/p>\n<p>veze = avv. &#8211; invece.<\/p>\n<p>via = s.f. &#8211; via; via de mez via di mezzo.<\/p>\n<p>via = avv. &#8211; via; trei via trei fa nove tre volte tre uguale a nove; via dale quatro svenuto, privo di conoscenza o addormentato o in estasi (immagine ricalcata sulla successione del ciclo biologico del baco da seta; via la, via li, la via li, in quel luogo; via inter. via, suvvia; via \u2019n ben ve saludo forma di saluto e congedo.<\/p>\n<p>viac\u2019 = s.m. &#8211; viaggio.<\/p>\n<p>Viancao = soprannome di famiglia a Sover.<\/p>\n<p>viandante = s.m. &#8211; viandante.<\/p>\n<p>vianela = agg. &#8211; detto di boccia giocata ben scorrevole raso terra; cfr. anche ladina.<\/p>\n<p>vicenda = s.f. &#8211; vicenda, triste evento.<\/p>\n<p>viciada = s.f. &#8211; gugliata.<\/p>\n<p>vicin = agg. e avv. &#8211; vicino; cfr. anche veSin.<\/p>\n<p>Vico = n.pr. &#8211; Lodovico.<\/p>\n<p>Vige = n.pr. &#8211; Edvige.<\/p>\n<p>vigilar = vr. &#8211; vigilare; vegliare; cfr. anche vegiar.<\/p>\n<p>Vigilioti = soprannome di famiglia a Cembra<\/p>\n<p>vigna = s.f. &#8211; vigna; vite; vignata piccola vigna.<\/p>\n<p>vignal = s.m. &#8211; vigneto.<\/p>\n<p>Vignati = soprannome di famiglia a Sover.<\/p>\n<p>vigor = s.m. &#8211; vigore, energia.<\/p>\n<p>vilan = s.m. e agg. &#8211; villano; incivile, maleducato; vilan col bo villanzone.<\/p>\n<p>viliaco = agg. &#8211; vigliacco.<\/p>\n<p>vin = s.m. &#8211; vino; vin bategi\u00e0 vino annacquato; vin cot vino bollito con zucchero, cannella e chiodi di garofano, vino brul\u00e8; vin de pomi sidro.<\/p>\n<p>vincel = s.m. &#8211; vinciglio; mazzo; fastello di paglia o di frasche.<\/p>\n<p>vindol = s.m. &#8211; guindolo, arcolaio, arnese per dipanare matasse a mano o a pedale; cfr. anche guindol.<\/p>\n<p>vinel = s.m. &#8211; vinello, prodotto ottenuto dalla fermentazione di vinacce vergini o fermentate con l\u2019aggiunta di acqua e zucchero; vino secondo.<\/p>\n<p>vinti = agg. &#8211; venti.<\/p>\n<p>vio = agg. &#8211; vivo; vivace.<\/p>\n<p>viola = s.m. &#8211; viola; viola dai muri pervinca; viola mata erba trinita (Anemone hepatica).<\/p>\n<p>violent = agg. &#8211; violento.<\/p>\n<p>violin = s.m. &#8211; violino; scherz. vaso da notte, orinale.<\/p>\n<p>vipera = s.f. &#8211; vipera; fig. persona velenosa.<\/p>\n<p>virgola = s.f. &#8211; virgola; minima cosa; minima quantit\u00e0.<\/p>\n<p>vis = s.m. &#8211; viso; la fronte.<\/p>\n<p>viSav\u00ec = avv. &#8211; dirimpetto; vis a vis.<\/p>\n<p>visc\u2019ia = s.f. &#8211; verga, bacchetta flessibile, vetta.<\/p>\n<p>visc\u2019io = s.m. &#8211; vischio (Viscum album); pania.<\/p>\n<p>viSer = s.m. &#8211; visiera del berretto.<\/p>\n<p>viSibil = agg. &#8211; visibile.<\/p>\n<p>viSion = s.f. &#8211; visione, veduta spettacolare; apparizione.<\/p>\n<p>viSita = s.f. &#8211; visita di cortesia; visista medica.<\/p>\n<p>vispo = agg. &#8211; vispo, brioso, vivace.<\/p>\n<p>vista = s.f. &#8211; vista; panorama; aspetto, apparenza.<\/p>\n<p>visto = s.m. &#8211; visto, firma; cfr. anche sgrif.<\/p>\n<p>vita = s.f. &#8211; vita; zona del corpo umano situata sopra i fianchi, torso; torace; fig. vigore; en vtta alla cintola; en bela vita senza gabbano.<\/p>\n<p>vitima = s.f. &#8211; vittima.<\/p>\n<p>vitoria = s.f. &#8211; vittoria; successo.<\/p>\n<p>viva! = viva! inter. di plauso e di gioia; ghe far na viva esprimere esultanza con un applauso o un brindisi; pl. vive.<\/p>\n<p>vivent\u00e0 = agg. &#8211; dotato di vitalizio, vitaliziato.<\/p>\n<p>viver = vr. &#8211; vivere; el el vio egli vive; lori i vio essi vivono; p.p. viv\u00f9; viver a spale de&#8230; vivere a spalle di qualcuno, vivere da parassita.<\/p>\n<p>viziar = vr. &#8211; viziare, far contrarre cattive abitudini.<\/p>\n<p>voaltri = pron. &#8211; voialtri, rafforz. di voi.<\/p>\n<p>vocabolari = s.m. &#8211; vocabolario.<\/p>\n<p>voga = s.f. &#8211; voga, impegno, entusiasmo; diffusione, moda.<\/p>\n<p>voi = pron. voi; forma allocutiva rappresenta riguardo e minor confidenza rispetto al tu.<\/p>\n<p>voia = s.f. &#8211; voglia; capriccio; desiderio della gestante; angioma cutaneo.<\/p>\n<p>voit = agg. &#8211; vuoto; son voit ho lo stomaco vuoto, ho fame.<\/p>\n<p>volata = s.f. &#8211; volata, volo; caduta; sparo di una serie di mine; corsa veloce.<\/p>\n<p>volativo = agg. &#8211; spensierato, fantasioso.<\/p>\n<p>voler = vr. &#8211; volere; ind. pres. voi, vos, vol, volen, voleo, vol; p.p. vol\u00f9; che \u2019l voba o che \u2019l vobia che egli voglia.<\/p>\n<p>volgare = agg. &#8211; volgare; triviale; senza pregio.<\/p>\n<p>volintera = avv. &#8211; volentieri.<\/p>\n<p>volont\u00e0 = s.f. &#8211; volont\u00e0; voglia; disposizione momentanea.<\/p>\n<p>volp = s.f. &#8211; volpe; cfr. anche bolp.<\/p>\n<p>volt = s.m. &#8211; volta del soffitto; cantina; a volt a volta, ad arco; volt en pian solaio su travi di legno orizzontali.<\/p>\n<p>volt = agg. &#8211; capovolto; a volt rovesciato a terra; es n\u00e0 a volt sei caduto a terra.<\/p>\n<p>volta = s. &#8211; volta (aggiunto ad un numero assume valore distributivo); curva, svolta; en volta in giro; don volta vengo di ritorno; farghe la volta superare una situazione difficile, fare il saldo tra una fornitura e l\u2019altra; de volta di ritorno; nar de volta el cervel uscir di senno, sragionare, impazzire; sen dati de volta siamo tornati.<\/p>\n<p>voltar = vr. &#8211; voltare; volgere; girare; svoltare; voltar l\u2019ocio gettar l\u2019occhio, volgere per un attimo 1\u2019attenzione su qualcosa; voltar via andarsene, morire; voltela che la se brusa oppure voltela che l\u2019e de pec\u2019 cambiamo discorso.<\/p>\n<p>vos = agg. &#8211; vostro.<\/p>\n<p>voto = s.m. &#8211; voto; ex voto.<\/p>\n<p>voze = s.f. &#8211; voce; voze \u2019n capitol voce in capitolo; voze serpentina voce acuta, penetrante.<\/p>\n<p>vozona = s.f. &#8211; vocione.<\/p>\n","protected":false},"excerpt":{"rendered":"<p>vaca = s.f. &#8211; vacca; fig. ozio; fig. sgualdrina; embriac come na vaca ubriaco fradicio; far vaca stare sdraiato e in ozio, oppure far canale, fare avallamento (detto di corda o di terreno); gnanca da darghe gi\u00f2 ale vache (detto di persona tanto spregevole che anche le vacche si rifiuterebbero di mangiarla). vacada = s.f. &hellip; <\/p>\n<p class=\"link-more\"><a href=\"https:\/\/www.diaolin.com\/wordpress\/?page_id=151\" class=\"more-link\">Leggi tutto<span class=\"screen-reader-text\"> &#8220;V&#8221;<\/span><\/a><\/p>\n","protected":false},"author":1,"featured_media":0,"parent":131,"menu_order":19,"comment_status":"closed","ping_status":"open","template":"template2.php","meta":{"footnotes":""},"categories":[3],"_links":{"self":[{"href":"https:\/\/www.diaolin.com\/wordpress\/index.php?rest_route=\/wp\/v2\/pages\/151"}],"collection":[{"href":"https:\/\/www.diaolin.com\/wordpress\/index.php?rest_route=\/wp\/v2\/pages"}],"about":[{"href":"https:\/\/www.diaolin.com\/wordpress\/index.php?rest_route=\/wp\/v2\/types\/page"}],"author":[{"embeddable":true,"href":"https:\/\/www.diaolin.com\/wordpress\/index.php?rest_route=\/wp\/v2\/users\/1"}],"replies":[{"embeddable":true,"href":"https:\/\/www.diaolin.com\/wordpress\/index.php?rest_route=%2Fwp%2Fv2%2Fcomments&post=151"}],"version-history":[{"count":1,"href":"https:\/\/www.diaolin.com\/wordpress\/index.php?rest_route=\/wp\/v2\/pages\/151\/revisions"}],"predecessor-version":[{"id":2858,"href":"https:\/\/www.diaolin.com\/wordpress\/index.php?rest_route=\/wp\/v2\/pages\/151\/revisions\/2858"}],"up":[{"embeddable":true,"href":"https:\/\/www.diaolin.com\/wordpress\/index.php?rest_route=\/wp\/v2\/pages\/131"}],"wp:attachment":[{"href":"https:\/\/www.diaolin.com\/wordpress\/index.php?rest_route=%2Fwp%2Fv2%2Fmedia&parent=151"}],"wp:term":[{"taxonomy":"category","embeddable":true,"href":"https:\/\/www.diaolin.com\/wordpress\/index.php?rest_route=%2Fwp%2Fv2%2Fcategories&post=151"}],"curies":[{"name":"wp","href":"https:\/\/api.w.org\/{rel}","templated":true}]}}