{"id":2178,"date":"2011-01-10T19:03:43","date_gmt":"2011-01-10T18:03:43","guid":{"rendered":"http:\/\/www.diaolin.com\/wordpress\/?page_id=2178"},"modified":"2011-06-10T07:17:16","modified_gmt":"2011-06-10T06:17:16","slug":"spettacolo-a-grumes","status":"publish","type":"page","link":"https:\/\/www.diaolin.com\/wordpress\/?page_id=2178","title":{"rendered":"a sc\u00f2ndil\u00e9oro&#8230;"},"content":{"rendered":"<h2 class=\"sub-title-primary\"><\/h2> <p style=\"text-align: center;\"><a href=\"https:\/\/www.diaolin.com\/wordpress\/wp-images\/media\/2011\/01\/Diaolin_Grumes22A.jpg\" rel=\"lightbox[2178]\"><\/a><a href=\"https:\/\/www.diaolin.com\/wordpress\/wp-images\/media\/2011\/01\/locandin_Faver16-Pagina001.png\" rel=\"lightbox[2178]\"><img loading=\"lazy\" decoding=\"async\" class=\"aligncenter size-full wp-image-2426\" title=\"locandin_Faver16-Pagina001\" src=\"https:\/\/www.diaolin.com\/wordpress\/wp-images\/media\/2011\/01\/locandin_Faver16-Pagina001.png\" alt=\"\" width=\"400\" height=\"800\" \/><\/a>\n<\/p>\n<h2 style=\"text-align: center;\">A sc\u00f2ndil\u00e9oro f\u00f6r par le giare de l&#8217;Av\u00ecs<\/h2>\n<h2 style=\"text-align: center;\">parole, poesia e na bic\u00e9ra de z\u00e0ibel<br \/>\npar record\u00e0rne chiche sen!!!!<\/h2>\n<h2 style=\"text-align: center;\">con Diaolin, Corado da Caoriana<br \/>\nMariano e la zib\u00f2ga del Rosso<\/h2>\n<h2 style=\"text-align: center;\">sabato 16 aprile 2011, ore 21.00<br \/>\nal Molin de Portegn\u00e0ch vicino a F\u00e0ver<\/h2>\n<h2 style=\"text-align: center;\">INGRESSO 5 EURO<\/h2>\n<p style=\"text-align: center;\">grazie a <a title=\"Sito\" href=\"http:\/\/graficalibera.org\/rosafiori\/\" target=\"_blank\">Lorena Colme<\/a> per la locandina<br \/>\ned a\u00a0Massimo Mul\u00e8 per il disegno<\/p>\n<p style=\"text-align: center;\">&nbsp;<\/p>\n","protected":false},"excerpt":{"rendered":"<p>A sc\u00f2ndil\u00e9oro f\u00f6r par le giare de l&#8217;Av\u00ecs parole, poesia e na bic\u00e9ra de z\u00e0ibel par record\u00e0rne chiche sen!!!! con Diaolin, Corado da Caoriana Mariano e la zib\u00f2ga del Rosso sabato 16 aprile 2011, ore 21.00 al Molin de Portegn\u00e0ch vicino a F\u00e0ver INGRESSO 5 EURO grazie a Lorena Colme per la locandina ed a\u00a0Massimo &hellip; <\/p>\n<p class=\"link-more\"><a href=\"https:\/\/www.diaolin.com\/wordpress\/?page_id=2178\" class=\"more-link\">Leggi tutto<span class=\"screen-reader-text\"> &#8220;a sc\u00f2ndil\u00e9oro&#8230;&#8221;<\/span><\/a><\/p>\n","protected":false},"author":5,"featured_media":0,"parent":648,"menu_order":0,"comment_status":"closed","ping_status":"closed","template":"template2.php","meta":{"footnotes":""},"categories":[],"_links":{"self":[{"href":"https:\/\/www.diaolin.com\/wordpress\/index.php?rest_route=\/wp\/v2\/pages\/2178"}],"collection":[{"href":"https:\/\/www.diaolin.com\/wordpress\/index.php?rest_route=\/wp\/v2\/pages"}],"about":[{"href":"https:\/\/www.diaolin.com\/wordpress\/index.php?rest_route=\/wp\/v2\/types\/page"}],"author":[{"embeddable":true,"href":"https:\/\/www.diaolin.com\/wordpress\/index.php?rest_route=\/wp\/v2\/users\/5"}],"replies":[{"embeddable":true,"href":"https:\/\/www.diaolin.com\/wordpress\/index.php?rest_route=%2Fwp%2Fv2%2Fcomments&post=2178"}],"version-history":[{"count":12,"href":"https:\/\/www.diaolin.com\/wordpress\/index.php?rest_route=\/wp\/v2\/pages\/2178\/revisions"}],"predecessor-version":[{"id":2181,"href":"https:\/\/www.diaolin.com\/wordpress\/index.php?rest_route=\/wp\/v2\/pages\/2178\/revisions\/2181"}],"up":[{"embeddable":true,"href":"https:\/\/www.diaolin.com\/wordpress\/index.php?rest_route=\/wp\/v2\/pages\/648"}],"wp:attachment":[{"href":"https:\/\/www.diaolin.com\/wordpress\/index.php?rest_route=%2Fwp%2Fv2%2Fmedia&parent=2178"}],"wp:term":[{"taxonomy":"category","embeddable":true,"href":"https:\/\/www.diaolin.com\/wordpress\/index.php?rest_route=%2Fwp%2Fv2%2Fcategories&post=2178"}],"curies":[{"name":"wp","href":"https:\/\/api.w.org\/{rel}","templated":true}]}}