{"id":4541,"date":"2013-07-01T15:35:39","date_gmt":"2013-07-01T14:35:39","guid":{"rendered":"http:\/\/www.diaolin.com\/wordpress\/?p=4541"},"modified":"2016-12-21T13:15:32","modified_gmt":"2016-12-21T12:15:32","slug":"iii-soffio","status":"publish","type":"page","link":"https:\/\/www.diaolin.com\/wordpress\/?page_id=4541","title":{"rendered":"(III) respiro"},"content":{"rendered":"<h2 class=\"sub-title-primary\"><\/h2> <p>arso il vento<br \/>\ntrastulla le foglie<br \/>\nd&#8217;un acero monco<br \/>\nmaldicendo il sentiero scosceso<br \/>\ncarrettiere di some di voci<br \/>\nsopra schiene<br \/>\ningobbite sui ciotoli<br \/>\nsmunti da vuote parole<br \/>\npassi grevi<br \/>\nlasciati a cullarsi<br \/>\nsopra ali<br \/>\ndi niente<\/p>\n<p><strong>Giuliano<\/strong><\/p>\n<p><em><strong>(III) sofi<\/strong><\/em><\/p>\n<p><em><span data-ft=\"{&quot;tn&quot;:&quot;K&quot;}\"><span class=\"UFICommentBody\">s\u00f9t el v\u00e8nt<br \/>\nel sdind\u00f2na le f\u00f6ie<br \/>\nde \u2018n \u00e0ser sbil\u00e8nch<br \/>\nsacram\u00e9nti al sint\u00e9r pic\u00e0 \u2018n gi\u00f3<br \/>\ncaret\u00e9r sol de carghe de vozi<br \/>\nsora sch\u00e9ne<br \/>\ncuci\u00e0de sui s\u00e0ssi<br \/>\nsmondol\u00e0di da v\u00f6ide parole<br \/>\npassi str\u00e0chi<br \/>\nlass\u00e0di cun\u00e0rse<br \/>\nsora \u00e0le<br \/>\nde ni\u00e8nt<\/span><\/span><br \/>\n<\/em><\/p>\n","protected":false},"excerpt":{"rendered":"<p>arso il vento trastulla le foglie d&#8217;un acero monco maldicendo il sentiero scosceso carrettiere di some di voci sopra schiene ingobbite sui ciotoli smunti da vuote parole passi grevi lasciati a cullarsi sopra ali di niente Giuliano (III) sofi s\u00f9t el v\u00e8nt el sdind\u00f2na le f\u00f6ie de \u2018n \u00e0ser sbil\u00e8nch sacram\u00e9nti al sint\u00e9r pic\u00e0 \u2018n &hellip; <\/p>\n<p class=\"link-more\"><a href=\"https:\/\/www.diaolin.com\/wordpress\/?page_id=4541\" class=\"more-link\">Leggi tutto<span class=\"screen-reader-text\"> &#8220;(III) respiro&#8221;<\/span><\/a><\/p>\n","protected":false},"author":5,"featured_media":0,"parent":0,"menu_order":0,"comment_status":"open","ping_status":"open","template":"","meta":{"footnotes":""},"categories":[28,2],"_links":{"self":[{"href":"https:\/\/www.diaolin.com\/wordpress\/index.php?rest_route=\/wp\/v2\/pages\/4541"}],"collection":[{"href":"https:\/\/www.diaolin.com\/wordpress\/index.php?rest_route=\/wp\/v2\/pages"}],"about":[{"href":"https:\/\/www.diaolin.com\/wordpress\/index.php?rest_route=\/wp\/v2\/types\/page"}],"author":[{"embeddable":true,"href":"https:\/\/www.diaolin.com\/wordpress\/index.php?rest_route=\/wp\/v2\/users\/5"}],"replies":[{"embeddable":true,"href":"https:\/\/www.diaolin.com\/wordpress\/index.php?rest_route=%2Fwp%2Fv2%2Fcomments&post=4541"}],"version-history":[{"count":15,"href":"https:\/\/www.diaolin.com\/wordpress\/index.php?rest_route=\/wp\/v2\/pages\/4541\/revisions"}],"predecessor-version":[{"id":6036,"href":"https:\/\/www.diaolin.com\/wordpress\/index.php?rest_route=\/wp\/v2\/pages\/4541\/revisions\/6036"}],"wp:attachment":[{"href":"https:\/\/www.diaolin.com\/wordpress\/index.php?rest_route=%2Fwp%2Fv2%2Fmedia&parent=4541"}],"wp:term":[{"taxonomy":"category","embeddable":true,"href":"https:\/\/www.diaolin.com\/wordpress\/index.php?rest_route=%2Fwp%2Fv2%2Fcategories&post=4541"}],"curies":[{"name":"wp","href":"https:\/\/api.w.org\/{rel}","templated":true}]}}