{"id":4549,"date":"2013-07-03T09:42:38","date_gmt":"2013-07-03T08:42:38","guid":{"rendered":"http:\/\/www.diaolin.com\/wordpress\/?p=4549"},"modified":"2014-05-12T11:47:37","modified_gmt":"2014-05-12T10:47:37","slug":"iv-ordito","status":"publish","type":"page","link":"https:\/\/www.diaolin.com\/wordpress\/?page_id=4549","title":{"rendered":"(IV) ordito"},"content":{"rendered":"<h2 class=\"sub-title-primary\"><\/h2> <p>sulle punte degli aghi<br \/>\ndi un pino odoroso<br \/>\nsputa il ragno una tela<br \/>\ndisegno preciso e<br \/>\nconfine di mondi<br \/>\nabbreviati dal soffio<br \/>\ndi un vento malvagio<br \/>\nnel feroce risucchio<br \/>\nche ingoia i lamenti<br \/>\nin voli di foglie rubate<br \/>\nsmarrite nel bosco<\/p>\n<p><strong>Giuliano<\/strong><\/p>\n<p><strong><em>(IV) tela<\/em><\/strong><\/p>\n<p><em>su le ponte de le \u00f9cie<\/em><br \/>\n<em> de &#8216;n pin &#8216;mprofum\u00e0<\/em><br \/>\n<em> spuda &#8216;l ragn la s\u00f2 tela<\/em><br \/>\n<em> disegno prec\u00ecss<\/em><br \/>\n<em> f\u00f2rsi t\u00e8rmen de mondi<\/em><br \/>\n<em> scortadi dal sofi<\/em><br \/>\n<em> del gh\u00ecrlo rev\u00e8rs<\/em><br \/>\n<em> &#8216;n te &#8216;n cat\u00eco molin\u00e8l<\/em><br \/>\n<em> che &#8216;l mar\u00e8nda a pasi\u00f3n<\/em><br \/>\n<em> sora sg\u00f3i de farl\u00e8ti rob\u00e0di<\/em><br \/>\n<em> perdudi en de &#8216;l b\u00f3sch<\/em><\/p>\n","protected":false},"excerpt":{"rendered":"<p>sulle punte degli aghi di un pino odoroso sputa il ragno una tela disegno preciso e confine di mondi abbreviati dal soffio di un vento malvagio nel feroce risucchio che ingoia i lamenti in voli di foglie rubate smarrite nel bosco Giuliano (IV) tela su le ponte de le \u00f9cie de &#8216;n pin &#8216;mprofum\u00e0 spuda &hellip; <\/p>\n<p class=\"link-more\"><a href=\"https:\/\/www.diaolin.com\/wordpress\/?page_id=4549\" class=\"more-link\">Leggi tutto<span class=\"screen-reader-text\"> &#8220;(IV) ordito&#8221;<\/span><\/a><\/p>\n","protected":false},"author":5,"featured_media":0,"parent":0,"menu_order":0,"comment_status":"open","ping_status":"open","template":"","meta":{"footnotes":""},"categories":[28,2],"_links":{"self":[{"href":"https:\/\/www.diaolin.com\/wordpress\/index.php?rest_route=\/wp\/v2\/pages\/4549"}],"collection":[{"href":"https:\/\/www.diaolin.com\/wordpress\/index.php?rest_route=\/wp\/v2\/pages"}],"about":[{"href":"https:\/\/www.diaolin.com\/wordpress\/index.php?rest_route=\/wp\/v2\/types\/page"}],"author":[{"embeddable":true,"href":"https:\/\/www.diaolin.com\/wordpress\/index.php?rest_route=\/wp\/v2\/users\/5"}],"replies":[{"embeddable":true,"href":"https:\/\/www.diaolin.com\/wordpress\/index.php?rest_route=%2Fwp%2Fv2%2Fcomments&post=4549"}],"version-history":[{"count":12,"href":"https:\/\/www.diaolin.com\/wordpress\/index.php?rest_route=\/wp\/v2\/pages\/4549\/revisions"}],"predecessor-version":[{"id":4886,"href":"https:\/\/www.diaolin.com\/wordpress\/index.php?rest_route=\/wp\/v2\/pages\/4549\/revisions\/4886"}],"wp:attachment":[{"href":"https:\/\/www.diaolin.com\/wordpress\/index.php?rest_route=%2Fwp%2Fv2%2Fmedia&parent=4549"}],"wp:term":[{"taxonomy":"category","embeddable":true,"href":"https:\/\/www.diaolin.com\/wordpress\/index.php?rest_route=%2Fwp%2Fv2%2Fcategories&post=4549"}],"curies":[{"name":"wp","href":"https:\/\/api.w.org\/{rel}","templated":true}]}}