{"id":5664,"date":"2015-06-23T18:36:29","date_gmt":"2015-06-23T17:36:29","guid":{"rendered":"http:\/\/www.diaolin.com\/wordpress\/?post_type=spucpt&#038;p=5664"},"modified":"2015-06-23T18:36:29","modified_gmt":"2015-06-23T17:36:29","slug":"io-non-ho-niente-da-nascondere","status":"publish","type":"page","link":"https:\/\/www.diaolin.com\/wordpress\/?page_id=5664","title":{"rendered":"Io non ho niente da nascondere"},"content":{"rendered":"<h2 class=\"sub-title-primary\"><\/h2> <p><span style=\"background-color: #ffffff;\"><img loading=\"lazy\" decoding=\"async\" class=\" wp-image-5633 size-full aligncenter\" src=\"https:\/\/www.diaolin.com\/wordpress\/img\/\/serata_dati_diaolin_A5.jpg\" alt=\"serata_dati_diaolin_A5\" width=\"420\" height=\"595\" srcset=\"https:\/\/www.diaolin.com\/wordpress\/img\/serata_dati_diaolin_A5.jpg 420w, https:\/\/www.diaolin.com\/wordpress\/img\/serata_dati_diaolin_A5-212x300.jpg 212w\" sizes=\"(max-width: 420px) 100vw, 420px\" \/><\/span><\/p>\n<p><span style=\"background-color: #ffffff;\">I servizi web non sono n\u00e9 <strong>LIBERI<\/strong>, n\u00e9 <strong>DEMOCRATICI<\/strong> e, soprattutto, non sono <strong>GRATUITI<\/strong>: la merce siamo <strong>NOI<\/strong>, le nostre <strong>IDENTIT\u00c0<\/strong>, le nostre <strong>ABITUDINI<\/strong> e quelle dei nostri <strong>AMICI<\/strong>.<\/span><\/p>\n<p><span style=\"background-color: #ffffff;\">La libert\u00e0 non \u00e8 <strong>gratuita<\/strong>: costa cara: <\/span><\/p>\n<p><span style=\"background-color: #ffffff;\">Dove stanno i <strong>DATI<\/strong> dei cittadini? <\/span><br \/>\n<span style=\"background-color: #ffffff;\"> Nelle mani di chi? <\/span><br \/>\n<span style=\"background-color: #ffffff;\"> Per cosa vengono usati?<\/span><\/p>\n<p><span style=\"background-color: #ffffff;\">una chiacchierata informale per cercare di fare chiarezza sulla privacy, sulle informazioni personali che forniamo volontariamente ogni volta che usiamo un servizio web, su cosa succede ogni volta che mettiamo un &#8220;like&#8221;&#8230;<\/span><\/p>\n<p><span style=\"background-color: #ffffff;\">Interviene <strong>Diaolin<\/strong> alias <strong>Giuliano Natali<\/strong> sistemista e qualcos&#8217;altro.<\/span><\/p>\n<p><span style=\"background-color: #ffffff;\">In collaborazione con Lavis Centro Giovani.<\/span><\/p>\n<p style=\"text-align: center;\"><span style=\"background-color: #ffffff;\"><span style=\"color: #ff0000;\">\u00a0L&#8217;INGRESSO \u00c8 GRATUITO MA NON GARANTISCO CHE USCIRETE COL CUORE IN PACE! \ud83d\ude42<\/span><br \/>\n<\/span><\/p>\n<p>&nbsp;<\/p>\n","protected":false},"excerpt":{"rendered":"<p>I servizi web non sono n\u00e9 LIBERI, n\u00e9 DEMOCRATICI e, soprattutto, non sono GRATUITI: la merce siamo NOI, le nostre IDENTIT\u00c0, le nostre ABITUDINI e quelle dei nostri AMICI. La libert\u00e0 non \u00e8 gratuita: costa cara: Dove stanno i DATI dei cittadini? Nelle mani di chi? Per cosa vengono usati? una chiacchierata informale per cercare &hellip; <\/p>\n<p class=\"link-more\"><a href=\"https:\/\/www.diaolin.com\/wordpress\/?page_id=5664\" class=\"more-link\">Leggi tutto<span class=\"screen-reader-text\"> &#8220;Io non ho niente da nascondere&#8221;<\/span><\/a><\/p>\n","protected":false},"author":5,"featured_media":0,"parent":0,"menu_order":0,"comment_status":"closed","ping_status":"closed","template":"","meta":{"footnotes":""},"categories":[],"_links":{"self":[{"href":"https:\/\/www.diaolin.com\/wordpress\/index.php?rest_route=\/wp\/v2\/pages\/5664"}],"collection":[{"href":"https:\/\/www.diaolin.com\/wordpress\/index.php?rest_route=\/wp\/v2\/pages"}],"about":[{"href":"https:\/\/www.diaolin.com\/wordpress\/index.php?rest_route=\/wp\/v2\/types\/page"}],"author":[{"embeddable":true,"href":"https:\/\/www.diaolin.com\/wordpress\/index.php?rest_route=\/wp\/v2\/users\/5"}],"replies":[{"embeddable":true,"href":"https:\/\/www.diaolin.com\/wordpress\/index.php?rest_route=%2Fwp%2Fv2%2Fcomments&post=5664"}],"version-history":[{"count":0,"href":"https:\/\/www.diaolin.com\/wordpress\/index.php?rest_route=\/wp\/v2\/pages\/5664\/revisions"}],"wp:attachment":[{"href":"https:\/\/www.diaolin.com\/wordpress\/index.php?rest_route=%2Fwp%2Fv2%2Fmedia&parent=5664"}],"wp:term":[{"taxonomy":"category","embeddable":true,"href":"https:\/\/www.diaolin.com\/wordpress\/index.php?rest_route=%2Fwp%2Fv2%2Fcategories&post=5664"}],"curies":[{"name":"wp","href":"https:\/\/api.w.org\/{rel}","templated":true}]}}