{"id":648,"date":"2008-12-05T11:43:42","date_gmt":"2008-12-05T10:43:42","guid":{"rendered":"http:\/\/www.diaolin.com\/wordpress\/?page_id=648"},"modified":"2022-12-29T17:18:44","modified_gmt":"2022-12-29T16:18:44","slug":"chi-sono","status":"publish","type":"page","link":"https:\/\/www.diaolin.com\/wordpress\/?page_id=648","title":{"rendered":"Chi \u00e8lo &#8216;l Diaolin?"},"content":{"rendered":"<h2 class=\"sub-title-primary\"><\/h2> <p>&nbsp;<\/p>\n<p><em>&#8220;Sono un&#8217; anima zingara rinchiusa nel segno lasciato da una penna su un foglio di carta, che prima o poi svanir\u00e0 per tornare al punto da cui \u00e8 partita &#8230; e sulla carta rester\u00e0 solo il solco di una piccola sfera e non avr\u00e0 pi\u00f9 colore &#8230; Mi piace parlare, mi piace osservare, mi piace descrivere ci\u00f2 che vedo nella lingua che, nella mia mente risulta pi\u00f9 naturale &#8230; non si tratta di tornare indietro e recuperare vecchi detti, si tratta solo di vivere e di parlare per come si \u00e8, vivendo il presente nella sua interezza ed il futuro nel suo essere un raggio di sole. Potr\u00f2 sembrare un ottimista e magari lo sono, per\u00f2 si sta cos\u00ec bene &#8230; &#8220;<\/em><\/p>\n<p>Diaolin<\/p>\n<p>Sono nato a Sover nel 1962 e ho lavorato in albergo fino al 1995.<\/p>\n<p>Faccio il sistemista con Software libero da una vita.<\/p>\n<p>Se volete contattarmi la mia mail \u00e8 diaolin@diaolin.com<\/p>\n<p>e il mio telefono 349 6684215<\/p>\n<p>Diaolin<\/p>\n<p>il mio nome\u00a0sarebbe Giuliano Natali ma tutti<br \/>\nmi chiamano Diaolin e va bene cos\u00ec<\/p>\n","protected":false},"excerpt":{"rendered":"<p>&nbsp; &#8220;Sono un&#8217; anima zingara rinchiusa nel segno lasciato da una penna su un foglio di carta, che prima o poi svanir\u00e0 per tornare al punto da cui \u00e8 partita &#8230; e sulla carta rester\u00e0 solo il solco di una piccola sfera e non avr\u00e0 pi\u00f9 colore &#8230; Mi piace parlare, mi piace osservare, mi &hellip; <\/p>\n<p class=\"link-more\"><a href=\"https:\/\/www.diaolin.com\/wordpress\/?page_id=648\" class=\"more-link\">Leggi tutto<span class=\"screen-reader-text\"> &#8220;Chi \u00e8lo &#8216;l Diaolin?&#8221;<\/span><\/a><\/p>\n","protected":false},"author":5,"featured_media":0,"parent":0,"menu_order":1,"comment_status":"closed","ping_status":"closed","template":"","meta":{"footnotes":""},"categories":[3],"_links":{"self":[{"href":"https:\/\/www.diaolin.com\/wordpress\/index.php?rest_route=\/wp\/v2\/pages\/648"}],"collection":[{"href":"https:\/\/www.diaolin.com\/wordpress\/index.php?rest_route=\/wp\/v2\/pages"}],"about":[{"href":"https:\/\/www.diaolin.com\/wordpress\/index.php?rest_route=\/wp\/v2\/types\/page"}],"author":[{"embeddable":true,"href":"https:\/\/www.diaolin.com\/wordpress\/index.php?rest_route=\/wp\/v2\/users\/5"}],"replies":[{"embeddable":true,"href":"https:\/\/www.diaolin.com\/wordpress\/index.php?rest_route=%2Fwp%2Fv2%2Fcomments&post=648"}],"version-history":[{"count":17,"href":"https:\/\/www.diaolin.com\/wordpress\/index.php?rest_route=\/wp\/v2\/pages\/648\/revisions"}],"predecessor-version":[{"id":6933,"href":"https:\/\/www.diaolin.com\/wordpress\/index.php?rest_route=\/wp\/v2\/pages\/648\/revisions\/6933"}],"wp:attachment":[{"href":"https:\/\/www.diaolin.com\/wordpress\/index.php?rest_route=%2Fwp%2Fv2%2Fmedia&parent=648"}],"wp:term":[{"taxonomy":"category","embeddable":true,"href":"https:\/\/www.diaolin.com\/wordpress\/index.php?rest_route=%2Fwp%2Fv2%2Fcategories&post=648"}],"curies":[{"name":"wp","href":"https:\/\/api.w.org\/{rel}","templated":true}]}}