{"id":6513,"date":"2018-12-23T13:55:23","date_gmt":"2018-12-23T12:55:23","guid":{"rendered":"http:\/\/www.diaolin.com\/wordpress\/?page_id=6513"},"modified":"2018-12-23T14:05:07","modified_gmt":"2018-12-23T13:05:07","slug":"banda-di-faedo","status":"publish","type":"page","link":"https:\/\/www.diaolin.com\/wordpress\/?page_id=6513","title":{"rendered":"Banda di Faedo"},"content":{"rendered":"<h2 class=\"sub-title-primary\"><\/h2> \r\n<p><a href=\"https:\/\/www.diaolin.com\/wordpress\/img\/\/Locandina-Banda-Faedo-30-dic-2018.jpg\" rel=\"lightbox[6513]\"><img loading=\"lazy\" decoding=\"async\" class=\"size-large wp-image-6514 aligncenter\" src=\"https:\/\/www.diaolin.com\/wordpress\/img\/\/Locandina-Banda-Faedo-30-dic-2018-728x1024.jpg\" alt=\"\" width=\"728\" height=\"1024\" srcset=\"https:\/\/www.diaolin.com\/wordpress\/img\/Locandina-Banda-Faedo-30-dic-2018-728x1024.jpg 728w, https:\/\/www.diaolin.com\/wordpress\/img\/Locandina-Banda-Faedo-30-dic-2018-213x300.jpg 213w, https:\/\/www.diaolin.com\/wordpress\/img\/Locandina-Banda-Faedo-30-dic-2018-370x520.jpg 370w, https:\/\/www.diaolin.com\/wordpress\/img\/Locandina-Banda-Faedo-30-dic-2018-1040x1463.jpg 1040w\" sizes=\"(max-width: 728px) 100vw, 728px\" \/><\/a><\/p>\r\n<p style=\"text-align: center;\"><strong>Scrivendo questo testo ho voluto porre l\u2019accento sull\u2019ottimismo. <\/strong><br \/><strong>Perch\u00e9 ve lo voglio dire ora? Perch\u00e9, durante lo spettacolo, ci saranno momenti che potrebbero farvi pensare a tutt\u2019altro. Niente di pi\u00f9 sbagliato: l\u2019ottimismo, per me, non \u00e8 nascondere sotto un velo gli avvenimenti brutti o la realt\u00e0 che si preferirebbe non avere vissuto ma \u00e8 vivere il presente e disegnare il futuro senza chiudere gli occhi e senza dimenticare ci\u00f2 che siamo stati e ci\u00f2 che siamo.<\/strong><\/p>\r\n<p style=\"text-align: center;\"><strong>Sarebbe impossibile creare qualcosa di bello dimenticando il passato. \u00c8 necessario che lo ricordiamo e che ne parliamo per comprendere ci\u00f2 che non dovremo fare! Non \u00e8 retorica e neppure una cronistoria, lo sarebbe solo se tutto restasse sulle pagine di un racconto triste, ma noi non vogliamo questo, le nostre basi di convivenza debbono per forza scontrarsi e rinvigorirsi sulle ceneri delle cose sbagliate.<\/strong><\/p>\r\n<p style=\"text-align: center;\"><strong>Cito George Santayana, saggista spagnolo, che scrive:<\/strong><\/p>\r\n<p style=\"text-align: center;\" align=\"center\"><b>Coloro che non ricordano il passato sono condannati a ripeterlo<\/b><\/p>\r\n<p style=\"text-align: center;\" align=\"left\"><b>Per non dimenticare, per non ripetere!<\/b><\/p>\r\n<p style=\"text-align: center;\" align=\"left\"><b>Buon ascolto e&#8230; abbiate pazienza<\/b><\/p>\r\n<p>&nbsp;<\/p>\r\n","protected":false},"excerpt":{"rendered":"<p>Scrivendo questo testo ho voluto porre l\u2019accento sull\u2019ottimismo. Perch\u00e9 ve lo voglio dire ora? Perch\u00e9, durante lo spettacolo, ci saranno momenti che potrebbero farvi pensare a tutt\u2019altro. Niente di pi\u00f9 sbagliato: l\u2019ottimismo, per me, non \u00e8 nascondere sotto un velo gli avvenimenti brutti o la realt\u00e0 che si preferirebbe non avere vissuto ma \u00e8 vivere &hellip; <\/p>\n<p class=\"link-more\"><a href=\"https:\/\/www.diaolin.com\/wordpress\/?page_id=6513\" class=\"more-link\">Leggi tutto<span class=\"screen-reader-text\"> &#8220;Banda di Faedo&#8221;<\/span><\/a><\/p>\n","protected":false},"author":5,"featured_media":0,"parent":0,"menu_order":0,"comment_status":"closed","ping_status":"closed","template":"","meta":{"footnotes":""},"categories":[],"_links":{"self":[{"href":"https:\/\/www.diaolin.com\/wordpress\/index.php?rest_route=\/wp\/v2\/pages\/6513"}],"collection":[{"href":"https:\/\/www.diaolin.com\/wordpress\/index.php?rest_route=\/wp\/v2\/pages"}],"about":[{"href":"https:\/\/www.diaolin.com\/wordpress\/index.php?rest_route=\/wp\/v2\/types\/page"}],"author":[{"embeddable":true,"href":"https:\/\/www.diaolin.com\/wordpress\/index.php?rest_route=\/wp\/v2\/users\/5"}],"replies":[{"embeddable":true,"href":"https:\/\/www.diaolin.com\/wordpress\/index.php?rest_route=%2Fwp%2Fv2%2Fcomments&post=6513"}],"version-history":[{"count":3,"href":"https:\/\/www.diaolin.com\/wordpress\/index.php?rest_route=\/wp\/v2\/pages\/6513\/revisions"}],"predecessor-version":[{"id":6521,"href":"https:\/\/www.diaolin.com\/wordpress\/index.php?rest_route=\/wp\/v2\/pages\/6513\/revisions\/6521"}],"wp:attachment":[{"href":"https:\/\/www.diaolin.com\/wordpress\/index.php?rest_route=%2Fwp%2Fv2%2Fmedia&parent=6513"}],"wp:term":[{"taxonomy":"category","embeddable":true,"href":"https:\/\/www.diaolin.com\/wordpress\/index.php?rest_route=%2Fwp%2Fv2%2Fcategories&post=6513"}],"curies":[{"name":"wp","href":"https:\/\/api.w.org\/{rel}","templated":true}]}}